{"id":1032,"date":"2017-09-01T10:22:58","date_gmt":"2017-09-01T16:22:58","guid":{"rendered":"https:\/\/bluepasshub.com\/blue-pass-hub-de-aventura\/"},"modified":"2023-10-09T08:42:28","modified_gmt":"2023-10-09T14:42:28","slug":"blue-pass-hub-de-aventura","status":"publish","type":"page","link":"https:\/\/bluepasshub.com\/es\/blue-pass-hub-de-aventura\/","title":{"rendered":"Blue Pass Hub de Aventura"},"content":{"rendered":"<p>[vc_row css=\u00bb.vc_custom_1662244968651{margin-top: -60px !important;}\u00bb][vc_column]\n\t\t\t<!-- START Home Main Slider Espa\u00f1ol REVOLUTION SLIDER 6.5.24 --><p class=\"rs-p-wp-fix\"><\/p>\n\t\t\t<rs-module-wrap id=\"rev_slider_6_1_wrapper\" data-source=\"gallery\" style=\"visibility:hidden;background:transparent;padding:0;margin:0px auto;margin-top:0;margin-bottom:0;\">\n\t\t\t\t<rs-module id=\"rev_slider_6_1\" style=\"\" data-version=\"6.5.24\">\n\t\t\t\t\t<rs-slides>\n\t\t\t\t\t\t<rs-slide style=\"position: absolute;\" data-key=\"rs-25\" data-title=\"Slide\" data-thumb=\"\/\/bluepasshub.com\/wp-content\/uploads\/2022\/07\/DJI_0260-1-e1657084386358-1024x682.jpg\" data-anim=\"ms:500;\" data-in=\"mo:80;moo:none;o:0;x:0%;\" data-out=\"a:false;\">\n\t\t\t\t\t\t\t<img fetchpriority=\"high\" decoding=\"async\" src=\"\/\/bluepasshub.com\/wp-content\/plugins\/revslider\/public\/assets\/assets\/dummy.png\" alt=\"DJI 0260 1 e1657084386358\" title=\"Arenal Lake Blue Pass\" width=\"1024\" height=\"682\" class=\"rev-slidebg tp-rs-img rs-lazyload\" data-lazyload=\"\/\/bluepasshub.com\/wp-content\/plugins\/revslider\/public\/assets\/assets\/transparent.png\" data-bg=\"c:#ffffff;\" data-parallax=\"off\" data-no-retina>\n<!--\n\t\t\t\t\t\t\t--><rs-layer\n\t\t\t\t\t\t\t\tid=\"slider-6-slide-25-layer-3\" \n\t\t\t\t\t\t\t\tdata-type=\"text\"\n\t\t\t\t\t\t\t\tdata-color=\"#ffffff\"\n\t\t\t\t\t\t\t\tdata-rsp_ch=\"on\"\n\t\t\t\t\t\t\t\tdata-xy=\"x:104px;y:292px;\"\n\t\t\t\t\t\t\t\tdata-text=\"w:normal;s:45;l:65;fw:700;\"\n\t\t\t\t\t\t\t\tdata-dim=\"h:61px;\"\n\t\t\t\t\t\t\t\tdata-frame_0=\"x:-100%;\"\n\t\t\t\t\t\t\t\tdata-frame_0_mask=\"u:t;\"\n\t\t\t\t\t\t\t\tdata-frame_1=\"st:480;sp:1000;sR:480;\"\n\t\t\t\t\t\t\t\tdata-frame_1_mask=\"u:t;\"\n\t\t\t\t\t\t\t\tdata-frame_999=\"o:0;st:w;sR:7520;\"\n\t\t\t\t\t\t\t\tstyle=\"z-index:11;font-family:'Spartan';\"\n\t\t\t\t\t\t\t>Descubra Arenal \n\t\t\t\t\t\t\t<\/rs-layer><!--\n\n\t\t\t\t\t\t\t--><rs-layer\n\t\t\t\t\t\t\t\tid=\"slider-6-slide-25-layer-11\" \n\t\t\t\t\t\t\t\tdata-type=\"text\"\n\t\t\t\t\t\t\t\tdata-color=\"#ffffff\"\n\t\t\t\t\t\t\t\tdata-rsp_ch=\"on\"\n\t\t\t\t\t\t\t\tdata-xy=\"x:103px;y:354px;\"\n\t\t\t\t\t\t\t\tdata-text=\"w:normal;\"\n\t\t\t\t\t\t\t\tdata-dim=\"w:340.03125px;h:57px;\"\n\t\t\t\t\t\t\t\tdata-frame_0=\"y:-100%;\"\n\t\t\t\t\t\t\t\tdata-frame_0_mask=\"u:t;\"\n\t\t\t\t\t\t\t\tdata-frame_1=\"st:980;sp:1200;sR:980;\"\n\t\t\t\t\t\t\t\tdata-frame_1_mask=\"u:t;\"\n\t\t\t\t\t\t\t\tdata-frame_999=\"o:0;st:w;sR:6820;\"\n\t\t\t\t\t\t\t\tstyle=\"z-index:10;font-family:'Quicksand';\"\n\t\t\t\t\t\t\t>con decenas de lugares y actividades para escoger \n\t\t\t\t\t\t\t<\/rs-layer><!--\n\n\t\t\t\t\t\t\t--><a\n\t\t\t\t\t\t\t\tid=\"slider-6-slide-25-layer-13\" \n\t\t\t\t\t\t\t\tclass=\"rs-layer rev-btn rev-hiddenicon\"\n\t\t\t\t\t\t\t\thref=\"https:\/\/bluepasshub.com\/es\/tours-actividades\/\" target=\"_self\"\n\t\t\t\t\t\t\t\tdata-type=\"button\"\n\t\t\t\t\t\t\t\tdata-color=\"#ffffff\"\n\t\t\t\t\t\t\t\tdata-rsp_ch=\"on\"\n\t\t\t\t\t\t\t\tdata-xy=\"x:102px;y:420px;\"\n\t\t\t\t\t\t\t\tdata-text=\"w:normal;s:17;l:20;ls:1;\"\n\t\t\t\t\t\t\t\tdata-dim=\"minh:0px;\"\n\t\t\t\t\t\t\t\tdata-padding=\"t:12;r:35;b:12;l:35;\"\n\t\t\t\t\t\t\t\tdata-border=\"bor:30px,30px,30px,30px;\"\n\t\t\t\t\t\t\t\tdata-frame_0=\"y:-100%;\"\n\t\t\t\t\t\t\t\tdata-frame_0_mask=\"u:t;\"\n\t\t\t\t\t\t\t\tdata-frame_1=\"st:1510;sp:1200;sR:1510;\"\n\t\t\t\t\t\t\t\tdata-frame_1_mask=\"u:t;\"\n\t\t\t\t\t\t\t\tdata-frame_999=\"o:0;st:w;sR:6290;\"\n\t\t\t\t\t\t\t\tdata-frame_hover=\"bgc:#39a8e0;bor:30px,30px,30px,30px;sp:200;\"\n\t\t\t\t\t\t\t\tstyle=\"z-index:9;background-color:#57ae41;font-family:'Spartan';text-transform:uppercase;\"\n\t\t\t\t\t\t\t>VER LA TIENDA <i class=\"fa-chevron-right\"><\/i> \n\t\t\t\t\t\t\t<\/a><!--\n\n\t\t\t\t\t\t\t--><rs-layer\n\t\t\t\t\t\t\t\tid=\"slider-6-slide-25-layer-14\" \n\t\t\t\t\t\t\t\tdata-type=\"image\"\n\t\t\t\t\t\t\t\tdata-rsp_ch=\"on\"\n\t\t\t\t\t\t\t\tdata-xy=\"x:-108px;y:-128px;\"\n\t\t\t\t\t\t\t\tdata-text=\"w:normal;\"\n\t\t\t\t\t\t\t\tdata-dim=\"w:1584px;h:1055px;\"\n\t\t\t\t\t\t\t\tdata-frame_0=\"o:1;\"\n\t\t\t\t\t\t\t\tdata-frame_999=\"o:0;st:w;sR:7500;\"\n\t\t\t\t\t\t\t\tstyle=\"z-index:8;\"\n\t\t\t\t\t\t\t><img decoding=\"async\" src=\"\/\/bluepasshub.com\/wp-content\/plugins\/revslider\/public\/assets\/assets\/dummy.png\" alt=\"DJI 0260 1 e1657084386358\" class=\"tp-rs-img rs-lazyload\" width=\"1540\" height=\"1026\" data-lazyload=\"\/\/bluepasshub.com\/wp-content\/uploads\/2022\/07\/DJI_0260-1-e1657084386358.jpg\" data-no-retina> \n\t\t\t\t\t\t\t<\/rs-layer><!--\n-->\t\t\t\t\t\t<\/rs-slide>\n\t\t\t\t\t\t<rs-slide style=\"position: absolute;\" data-key=\"rs-24\" data-title=\"Slide\" data-in=\"o:0;\" data-out=\"a:false;\">\n\t\t\t\t\t\t\t<img decoding=\"async\" src=\"\/\/bluepasshub.com\/wp-content\/plugins\/revslider\/public\/assets\/assets\/dummy.png\" alt=\"Slide\" title=\"Blue Pass Hub de Aventura\" class=\"rev-slidebg tp-rs-img rs-lazyload\" data-lazyload=\"\/\/bluepasshub.com\/wp-content\/plugins\/revslider\/public\/assets\/assets\/transparent.png\" data-parallax=\"off\" data-no-retina>\n<!--\n\t\t\t\t\t\t\t--><rs-group\n\t\t\t\t\t\t\t\tid=\"slider-6-slide-24-layer-1\" \n\t\t\t\t\t\t\t\tdata-type=\"group\"\n\t\t\t\t\t\t\t\tdata-rsp_ch=\"on\"\n\t\t\t\t\t\t\t\tdata-xy=\"x:109px;y:100px;\"\n\t\t\t\t\t\t\t\tdata-text=\"w:normal;\"\n\t\t\t\t\t\t\t\tdata-dim=\"w:597px;h:328px;\"\n\t\t\t\t\t\t\t\tdata-frame_0=\"o:1;\"\n\t\t\t\t\t\t\t\tdata-frame_999=\"o:0;st:w;sR:8700;sA:9000;\"\n\t\t\t\t\t\t\t\tstyle=\"z-index:12;\"\n\t\t\t\t\t\t\t><!--\n\t\t\t\t\t\t\t\t--><h1\n\t\t\t\t\t\t\t\t\tid=\"slider-6-slide-24-layer-2\" \n\t\t\t\t\t\t\t\t\tclass=\"rs-layer\"\n\t\t\t\t\t\t\t\t\tdata-type=\"text\"\n\t\t\t\t\t\t\t\t\tdata-color=\"#ffffff\"\n\t\t\t\t\t\t\t\t\tdata-rsp_ch=\"on\"\n\t\t\t\t\t\t\t\t\tdata-xy=\"x:50px;y:38px;\"\n\t\t\t\t\t\t\t\t\tdata-text=\"w:normal;s:40;l:50;fw:700;\"\n\t\t\t\t\t\t\t\t\tdata-dim=\"w:392px;\"\n\t\t\t\t\t\t\t\t\tdata-frame_0=\"x:100%;\"\n\t\t\t\t\t\t\t\t\tdata-frame_0_mask=\"u:t;\"\n\t\t\t\t\t\t\t\t\tdata-frame_1=\"sp:1000;\"\n\t\t\t\t\t\t\t\t\tdata-frame_1_mask=\"u:t;\"\n\t\t\t\t\t\t\t\t\tdata-frame_999=\"o:0;st:w;sR:8000;\"\n\t\t\t\t\t\t\t\t\tstyle=\"z-index:11;font-family:'Spartan';\"\n\t\t\t\t\t\t\t\t>Visite los lugares m\u00e1s incre\u00edbles \n\t\t\t\t\t\t\t\t<\/h1><!--\n\n\t\t\t\t\t\t\t\t--><rs-layer\n\t\t\t\t\t\t\t\t\tid=\"slider-6-slide-24-layer-4\" \n\t\t\t\t\t\t\t\t\tdata-type=\"text\"\n\t\t\t\t\t\t\t\t\tdata-color=\"#ffffff\"\n\t\t\t\t\t\t\t\t\tdata-rsp_ch=\"on\"\n\t\t\t\t\t\t\t\t\tdata-xy=\"x:50px;y:141px;\"\n\t\t\t\t\t\t\t\t\tdata-text=\"w:normal;fw:500;\"\n\t\t\t\t\t\t\t\t\tdata-dim=\"w:299px;\"\n\t\t\t\t\t\t\t\t\tdata-frame_0=\"y:-100%;\"\n\t\t\t\t\t\t\t\t\tdata-frame_0_mask=\"u:t;\"\n\t\t\t\t\t\t\t\t\tdata-frame_1=\"st:520;sp:1200;sR:520;\"\n\t\t\t\t\t\t\t\t\tdata-frame_1_mask=\"u:t;\"\n\t\t\t\t\t\t\t\t\tdata-frame_999=\"o:0;st:w;sR:7280;\"\n\t\t\t\t\t\t\t\t\tstyle=\"z-index:10;font-family:'Quicksand';\"\n\t\t\t\t\t\t\t\t>Conozca las atracciones naturales ique no se puede perder! \n\t\t\t\t\t\t\t\t<\/rs-layer><!--\n\n\t\t\t\t\t\t\t\t--><a\n\t\t\t\t\t\t\t\t\tid=\"slider-6-slide-24-layer-5\" \n\t\t\t\t\t\t\t\t\tclass=\"rs-layer rev-btn\"\n\t\t\t\t\t\t\t\t\thref=\"https:\/\/bluepasshub.com\/es\/atractivos-de-costa-rica\/\" target=\"_self\"\n\t\t\t\t\t\t\t\t\tdata-type=\"button\"\n\t\t\t\t\t\t\t\t\tdata-color=\"#ffffff\"\n\t\t\t\t\t\t\t\t\tdata-rsp_ch=\"on\"\n\t\t\t\t\t\t\t\t\tdata-xy=\"x:49px;y:224px;\"\n\t\t\t\t\t\t\t\t\tdata-text=\"w:normal;l:50;fw:500;a:center;\"\n\t\t\t\t\t\t\t\t\tdata-dim=\"minh:0px;\"\n\t\t\t\t\t\t\t\t\tdata-padding=\"r:20;l:20;\"\n\t\t\t\t\t\t\t\t\tdata-border=\"bor:25px,25px,25px,25px;\"\n\t\t\t\t\t\t\t\t\tdata-frame_0=\"x:-175%;o:1;\"\n\t\t\t\t\t\t\t\t\tdata-frame_0_mask=\"u:t;x:100%;\"\n\t\t\t\t\t\t\t\t\tdata-frame_1=\"e:power3.out;st:1320;sp:1000;sR:1320;\"\n\t\t\t\t\t\t\t\t\tdata-frame_1_mask=\"u:t;\"\n\t\t\t\t\t\t\t\t\tdata-frame_999=\"o:0;st:w;sR:6680;\"\n\t\t\t\t\t\t\t\t\tdata-frame_hover=\"bgc:#39a8e0;bor:25px,25px,25px,25px;sp:200;e:power1.inOut;\"\n\t\t\t\t\t\t\t\t\tstyle=\"z-index:9;background-color:#57ae41;font-family:'Quicksand';\"\n\t\t\t\t\t\t\t\t>LL\u00c9VAME AH\u00cd! \n\t\t\t\t\t\t\t\t<\/a><!--\n\t\t\t\t\t\t\t--><\/rs-group><!--\n\n\t\t\t\t\t\t\t--><rs-layer\n\t\t\t\t\t\t\t\tid=\"slider-6-slide-24-layer-0\" \n\t\t\t\t\t\t\t\tdata-type=\"image\"\n\t\t\t\t\t\t\t\tdata-rsp_ch=\"on\"\n\t\t\t\t\t\t\t\tdata-xy=\"x:-108px;y:-218px;\"\n\t\t\t\t\t\t\t\tdata-text=\"w:normal;\"\n\t\t\t\t\t\t\t\tdata-dim=\"w:1596px;h:1027px;\"\n\t\t\t\t\t\t\t\tdata-frame_999=\"o:0;st:w;sR:8700;\"\n\t\t\t\t\t\t\t\tstyle=\"z-index:8;\"\n\t\t\t\t\t\t\t><img decoding=\"async\" src=\"\/\/bluepasshub.com\/wp-content\/plugins\/revslider\/public\/assets\/assets\/dummy.png\" alt=\"rio celeste aventuras arenal 1024x659 1\" class=\"tp-rs-img rs-lazyload\" width=\"1024\" height=\"659\" data-lazyload=\"\/\/bluepasshub.com\/wp-content\/uploads\/2022\/06\/rio_celeste_aventuras_arenal-1024x659-1.jpg\" data-no-retina> \n\t\t\t\t\t\t\t<\/rs-layer><!--\n-->\t\t\t\t\t\t<\/rs-slide>\n\t\t\t\t\t<\/rs-slides>\n\t\t\t\t<\/rs-module>\n\t\t\t\t<script>\n\t\t\t\t\tsetREVStartSize({c: 'rev_slider_6_1',rl:[1240,1024,778,480],el:[595],gw:[1370],gh:[595],type:'standard',justify:'',layout:'fullwidth',mh:\"0\"});if (window.RS_MODULES!==undefined && window.RS_MODULES.modules!==undefined && window.RS_MODULES.modules[\"revslider61\"]!==undefined) {window.RS_MODULES.modules[\"revslider61\"].once = false;window.revapi6 = undefined;if (window.RS_MODULES.checkMinimal!==undefined) window.RS_MODULES.checkMinimal()}\n\t\t\t\t<\/script>\n\t\t\t<\/rs-module-wrap>\n\t\t\t<!-- END REVOLUTION SLIDER -->\n[\/vc_column][\/vc_row][vc_row full_width=\u00bbstretch_row_content\u00bb css=\u00bb.vc_custom_1671556617013{background-color: #ffffff !important;}\u00bb][vc_column][vc_cta h2=\u00bbSu tour operador confiable\u00bb h2_font_container=\u00bbtag:h2|font_size:200%25|text_align:center|color:%23222222&#8243; h2_use_theme_fonts=\u00bbyes\u00bb txt_align=\u00bbcenter\u00bb shape=\u00bbsquare\u00bb style=\u00bbflat\u00bb color=\u00bbwhite\u00bb el_width=\u00bblg\u00bb use_custom_fonts_h2=\u00bbtrue\u00bb css=\u00bb.vc_custom_1671557269002{margin-bottom: 0px !important;padding-bottom: 10px !important;background-color: #ffffff !important;}\u00bb]<span style=\"font-size: 140%;\">Con m\u00e1s de 30 a\u00f1os de entregar experiencias naturalistas a miles de vistantes, nos especializamos en tours y actividades excepcionales. Conozca los destinos naturales m\u00e1s incre\u00edbles en Arenal y saque el m\u00e1ximo provecho a su viaje con el tour operador m\u00e1s confiable para sus vacaciones.<\/span>[\/vc_cta][\/vc_column][\/vc_row][vc_row full_width=\u00bbstretch_row\u00bb gap=\u00bb20&#8243; equal_height=\u00bbyes\u00bb content_placement=\u00bbmiddle\u00bb css=\u00bb.vc_custom_1549890312020{background-color: #ffffff !important;}\u00bb][vc_column width=\u00bb2\/3&#8243; css=\u00bb.vc_custom_1696862530266{background-image: url(https:\/\/bluepasshub.com\/wp-content\/uploads\/2023\/10\/Texture-Home-Page.webp?id=1889) !important;background-position: center !important;background-repeat: no-repeat !important;background-size: cover !important;}\u00bb][vc_row_inner][vc_column_inner width=\u00bb1\/2&#8243;][vc_cta h2=\u00bbAtracciones Naturales\u00bb h2_font_container=\u00bbtag:h2|font_size:27px|text_align:center|color:%233a3a3a\u00bb h2_use_theme_fonts=\u00bbyes\u00bb txt_align=\u00bbcenter\u00bb shape=\u00bbsquare\u00bb style=\u00bbcustom\u00bb add_button=\u00bbbottom\u00bb btn_title=\u00bbVER ATRACTIVOS\u00bb btn_style=\u00bbgradient-custom\u00bb btn_gradient_custom_color_1=\u00bb#317cc6&#8243; btn_gradient_custom_color_2=\u00bb#39a8e0&#8243; btn_shape=\u00bbround\u00bb btn_size=\u00bbsm\u00bb btn_align=\u00bbcenter\u00bb use_custom_fonts_h2=\u00bbtrue\u00bb custom_background=\u00bb#ffffff\u00bb custom_text=\u00bb#3a3a3a\u00bb css=\u00bb.vc_custom_1696862162213{border-top-width: 0px !important;border-right-width: 0px !important;border-bottom-width: 0px !important;border-left-width: 0px !important;padding-top: 20px !important;padding-right: 15px !important;padding-bottom: 20px !important;padding-left: 15px !important;background-color: #ffffff !important;}\u00bb btn_link=\u00bburl:https%3A%2F%2Fbluepasshub.com%2Fes%2Fatractivos-de-costa-rica%2F|title:Atractivos%20de%20Costa%20Rica\u00bb]<span style=\"color: #3a3a3a;\">Cataratas, r\u00edos, volcanes, antiguas coladas de lava&#8230; hay much\u00edsimo para ver!<\/span>[\/vc_cta][\/vc_column_inner][vc_column_inner width=\u00bb1\/2&#8243;][\/vc_column_inner][\/vc_row_inner][\/vc_column][vc_column width=\u00bb1\/3&#8243; css=\u00bb.vc_custom_1657555041900{background-color: #0069ac !important;}\u00bb][vc_row_inner][vc_column_inner][vc_cta h2=\u00bbExcelente Servicio &#8211; Visitantes felices\u00bb h2_font_container=\u00bbtag:h2|font_size:25px|text_align:center|color:%23ffffff\u00bb h2_use_theme_fonts=\u00bbyes\u00bb h4_font_container=\u00bbtag:h3|text_align:center|color:%23ffffff\u00bb h4_google_fonts=\u00bbfont_family:Quicksand%3A300%2Cregular%2C700|font_style:400%20regular%3A400%3Anormal\u00bb txt_align=\u00bbcenter\u00bb shape=\u00bbsquare\u00bb style=\u00bbcustom\u00bb add_button=\u00bbbottom\u00bb btn_title=\u00bbVER M\u00c1S RESE\u00d1AS\u00bb btn_style=\u00bbgradient-custom\u00bb btn_gradient_custom_color_1=\u00bb#ffffff\u00bb btn_gradient_custom_color_2=\u00bb#ffffff\u00bb btn_gradient_text_color=\u00bb#232323&#8243; btn_shape=\u00bbround\u00bb btn_size=\u00bbsm\u00bb btn_align=\u00bbcenter\u00bb use_custom_fonts_h2=\u00bbtrue\u00bb use_custom_fonts_h4=\u00bbtrue\u00bb custom_background=\u00bbrgba(255,255,255,0.01)\u00bb custom_text=\u00bb#ffffff\u00bb css=\u00bb.vc_custom_1657556285030{border-top-width: 0px !important;border-right-width: 0px !important;border-bottom-width: 0px !important;border-left-width: 0px !important;background-color: #0069ac !important;}\u00bb]<span style=\"color: #ffffff;\">Fue una experiencia fant\u00e1stica! Roy, nuestro gu\u00eda y el resto del equipo estuvieron incre\u00edbles! &#8211; Allix Kidd <\/span>[\/vc_cta][\/vc_column_inner][\/vc_row_inner][\/vc_column][\/vc_row][vc_row full_width=\u00bbstretch_row\u00bb gap=\u00bb20&#8243; equal_height=\u00bbyes\u00bb content_placement=\u00bbmiddle\u00bb css=\u00bb.vc_custom_1549890171324{background-color: #ffffff !important;}\u00bb][vc_column width=\u00bb1\/3&#8243; css=\u00bb.vc_custom_1657139677448{background-color: #39a8e0 !important;}\u00bb][vc_cta h2=\u00bbEmpresa familiar +30 a\u00f1os de experiencia\u00bb h2_font_container=\u00bbtag:h2|font_size:27px|text_align:left|color:%23ffffff\u00bb h2_use_theme_fonts=\u00bbyes\u00bb txt_align=\u00bbcenter\u00bb shape=\u00bbsquare\u00bb style=\u00bbcustom\u00bb add_button=\u00bbbottom\u00bb btn_title=\u00bbCONOZCA M\u00c1S\u00bb btn_style=\u00bbgradient-custom\u00bb btn_gradient_custom_color_1=\u00bb#dc5049&#8243; btn_gradient_custom_color_2=\u00bb#dc5049&#8243; btn_shape=\u00bbround\u00bb btn_size=\u00bbsm\u00bb btn_align=\u00bbcenter\u00bb use_custom_fonts_h2=\u00bbtrue\u00bb custom_background=\u00bbrgba(255,255,255,0.01)\u00bb custom_text=\u00bb#ffffff\u00bb css=\u00bb.vc_custom_1657161507320{border-top-width: 0px !important;border-right-width: 0px !important;border-bottom-width: 0px !important;border-left-width: 0px !important;}\u00bb]<span style=\"color: #ffffff;\">Turismo Naturalista y Sostenible. Echa un vistazo a c\u00f3mo reducimos nuestra huella de carbono.<\/span>[\/vc_cta][\/vc_column][vc_column width=\u00bb2\/3&#8243; css=\u00bb.vc_custom_1696862355488{background-image: url(https:\/\/bluepasshub.com\/wp-content\/uploads\/2023\/09\/Penisnula3.webp?id=1856) !important;background-position: center !important;background-repeat: no-repeat !important;background-size: cover !important;}\u00bb][vc_row_inner][vc_column_inner width=\u00bb1\/2&#8243;][\/vc_column_inner][vc_column_inner width=\u00bb1\/2&#8243;][vc_cta h2=\u00bbParque Nacional Volc\u00e1n Arenal\u00bb h2_font_container=\u00bbtag:h2|font_size:27px|text_align:center|color:%23303030&#8243; h2_use_theme_fonts=\u00bbyes\u00bb txt_align=\u00bbcenter\u00bb shape=\u00bbsquare\u00bb style=\u00bbcustom\u00bb el_width=\u00bbxl\u00bb add_button=\u00bbbottom\u00bb btn_title=\u00bbVISITAR PARQUE NACIONAL\u00bb btn_style=\u00bbgradient-custom\u00bb btn_gradient_custom_color_1=\u00bb#57ae41&#8243; btn_gradient_custom_color_2=\u00bb#6cc446&#8243; btn_shape=\u00bbround\u00bb btn_size=\u00bbsm\u00bb btn_align=\u00bbcenter\u00bb use_custom_fonts_h2=\u00bbtrue\u00bb custom_background=\u00bb#ffffff\u00bb custom_text=\u00bb#ffffff\u00bb css=\u00bb.vc_custom_1696862145502{border-top-width: 0px !important;border-right-width: 0px !important;border-bottom-width: 0px !important;border-left-width: 0px !important;}\u00bb btn_link=\u00bburl:https%3A%2F%2Fbluepasshub.com%2Fes%2Flocation%2Fparque-nacional-volcan-arenal%2F|title:Parque%20Nacional%20Volc%C3%A1n%20Arenal\u00bb]Explore el Lago Arenal y los Senderos Pen\u00ednsula y Coladas.[\/vc_cta][\/vc_column_inner][\/vc_row_inner][\/vc_column][\/vc_row][vc_row full_width=\u00bbstretch_row\u00bb css=\u00bb.vc_custom_1656970076685{margin-top: 60px !important;padding-bottom: 40px !important;background-color: #ffffff !important;}\u00bb][vc_column css=\u00bb.vc_custom_1544524968645{padding-top: 0px !important;}\u00bb][rev_slider_vc alias=\u00bbactivities-1&#8243;][\/vc_column][\/vc_row][vc_row full_width=\u00bbstretch_row_content\u00bb equal_height=\u00bbyes\u00bb content_placement=\u00bbmiddle\u00bb css=\u00bb.vc_custom_1549814358321{background-color: #f3f3f3 !important;}\u00bb][vc_column width=\u00bb1\/2&#8243; css=\u00bb.vc_custom_1531902820955{padding-top: 60px !important;padding-right: 60px !important;padding-bottom: 30px !important;padding-left: 60px !important;background-position: center !important;background-repeat: no-repeat !important;background-size: cover !important;}\u00bb][vc_cta h2=\u00bb\u00bfViaja con un veh\u00edculo rentado?\u00bb h2_font_container=\u00bbtag:h2|font_size:40px|text_align:left|color:%23222222|line_height:1&#8243; h2_google_fonts=\u00bbfont_family:Quicksand%3A300%2Cregular%2C700|font_style:400%20regular%3A400%3Anormal\u00bb h4=\u00bb\u00danase a uno de nuestros tours en el sitio.\u00bb h4_font_container=\u00bbtag:h2|font_size:26px|text_align:left|color:%23222222|line_height:1&#8243; h4_google_fonts=\u00bbfont_family:Quicksand%3A300%2Cregular%2C700|font_style:300%20light%20regular%3A300%3Anormal\u00bb color=\u00bbwhite\u00bb add_button=\u00bbbottom\u00bb btn_title=\u00bb\u00daNASE A ESTOS TOURS\u00bb btn_style=\u00bbcustom\u00bb btn_custom_background=\u00bb#57ae41&#8243; btn_custom_text=\u00bb#ffffff\u00bb btn_shape=\u00bbround\u00bb btn_align=\u00bbright\u00bb use_custom_fonts_h2=\u00bbtrue\u00bb use_custom_fonts_h4=\u00bbtrue\u00bb css=\u00bb.vc_custom_1662609631020{border-top-width: 0px !important;border-right-width: 0px !important;border-bottom-width: 0px !important;border-left-width: 0px !important;background-color: #f3f3f3 !important;border-left-style: none !important;border-right-style: none !important;border-top-style: none !important;border-bottom-style: none !important;}\u00bb btn_link=\u00bburl:https%3A%2F%2Fbluepasshub.com%2Fes%2Factividades-de-punto-de-reunion%2F|title:Actividades%20de%20punto%20de%20reuni%C3%B3n|\u00bb]No se pierda nuestros tours guiados y ahorre el transporte si viaja en veh\u00edculo propio. Vea algunas de las actividades disponibles a las que puede unirse.[\/vc_cta][\/vc_column][vc_column width=\u00bb1\/2&#8243; css=\u00bb.vc_custom_1696862374620{background-image: url(https:\/\/bluepasshub.com\/wp-content\/uploads\/2023\/09\/Join-Us-Paddle-Board-1.webp?id=1863) !important;background-position: center !important;background-repeat: no-repeat !important;background-size: cover !important;}\u00bb][vc_empty_space height=\u00bb470px\u00bb][\/vc_column][\/vc_row][vc_row full_width=\u00bbstretch_row\u00bb css=\u00bb.vc_custom_1657152143007{padding-top: 50px !important;padding-bottom: 15px !important;background-color: #39a8e0 !important;}\u00bb][vc_column css=\u00bb.vc_custom_1549812804866{padding-top: 0px !important;}\u00bb][vc_custom_heading text=\u00bbBuscar Tours y Actividades por Ubicaci\u00f3n\u00bb font_container=\u00bbtag:h3|font_size:30px|text_align:center|color:%23ffffff\u00bb use_theme_fonts=\u00bbyes\u00bb css=\u00bb.vc_custom_1657045365048{padding-bottom: 10px !important;}\u00bb][vc_row_inner gap=\u00bb30&#8243;][vc_column_inner width=\u00bb1\/5&#8243;][\/vc_column_inner][vc_column_inner width=\u00bb1\/5&#8243;][vc_column_text]<span style=\"color: #ffffff;\"><a style=\"color: #ffffff;\" href=\"https:\/\/bluepasshub.com\/es\/location\/parque-nacional-volcan-arenal\/\">Parque Nacional Volc\u00e1n Arenal<\/a><\/span><br \/>\n<span style=\"color: #ffffff;\"><a style=\"color: #ffffff;\" href=\"https:\/\/bluepasshub.com\/es\/location\/lago-arenal\/\">Lago Arenal<\/a><\/span><br \/>\n<span style=\"color: #ffffff;\"><a style=\"color: #ffffff;\" href=\"https:\/\/bluepasshub.com\/es\/location\/catarata-la-fortuna\/\">Catarata La Fortuna<\/a><\/span><br \/>\n<span style=\"color: #ffffff;\"><a style=\"color: #ffffff;\" href=\"#\">Puentes Colgantes en Arenal<\/a><\/span>[\/vc_column_text][\/vc_column_inner][vc_column_inner width=\u00bb1\/5&#8243;][vc_column_text]<span style=\"color: #ffffff;\"><a style=\"color: #ffffff;\" href=\"https:\/\/bluepasshub.com\/es\/location\/rio-celeste\/\">Rio Celeste &#8211; Parque Nacional Volc\u00e1n Tenorio<\/a><\/span><br \/>\n<span style=\"color: #ffffff;\"><a style=\"color: #ffffff;\" href=\"https:\/\/bluepasshub.com\/es\/location\/refugio-de-vida-silvestre-cano-negro\/\">Refugio de Vida Silvestre Ca\u00f1o Negro<\/a><\/span><br \/>\n<span style=\"color: #ffffff;\"><a style=\"color: #ffffff;\" href=\"#\">Rio Pe\u00f1as Blancas<\/a><\/span><br \/>\n<span style=\"color: #ffffff;\"><a style=\"color: #ffffff;\" href=\"#\">Cavernas de Venado<\/a><\/span>[\/vc_column_text][\/vc_column_inner][vc_column_inner width=\u00bb1\/5&#8243;][vc_column_text]<span style=\"color: #ffffff;\"><a style=\"color: #ffffff;\" href=\"#\">Monteverde<\/a><\/span><br \/>\n<span style=\"color: #ffffff;\"><a style=\"color: #ffffff;\" href=\"#\">Parque Nacional Palo Verde<\/a><\/span><br \/>\n<span style=\"color: #ffffff;\"><a style=\"color: #ffffff;\" href=\"#\">Catarata Llanos de Cort\u00e9s<\/a><\/span><br \/>\n<span style=\"color: #ffffff;\"><a style=\"color: #ffffff;\" href=\"#\">Chocolate &amp; Caf\u00e9<\/a><\/span>[\/vc_column_text][\/vc_column_inner][vc_column_inner width=\u00bb1\/5&#8243;][\/vc_column_inner][\/vc_row_inner][\/vc_column][\/vc_row][vc_row full_width=\u00bbstretch_row\u00bb css=\u00bb.vc_custom_1657164915856{background-color: #0069ac !important;}\u00bb][vc_column width=\u00bb1\/4&#8243;][\/vc_column][vc_column width=\u00bb1\/2&#8243;][vc_single_image image=\u00bb765&#8243; img_size=\u00bbfull\u00bb alignment=\u00bbcenter\u00bb][\/vc_column][vc_column width=\u00bb1\/4&#8243;][\/vc_column][\/vc_row][vc_row][vc_column][vc_column_text]<\/p>\n<p class=\"p1\"><a href=\"https:\/\/bluepasshub.com\/es\/\">Costa Rica Tourismus Experten<\/a><span class=\"s1\">\u00a0\/\u00a0<a href=\"https:\/\/als.wikipedia.org\/wiki\/Costa_Rica\">\u00dcber Costa Rica<\/a><\/span><\/p>\n<p>[\/vc_column_text][\/vc_column][\/vc_row]<\/p>\n","protected":false},"excerpt":{"rendered":"<p>[vc_row css=\u00bb.vc_custom_1662244968651{margin-top: -60px !important;}\u00bb][vc_column][\/vc_column][\/vc_row][vc_row full_width=\u00bbstretch_row_content\u00bb css=\u00bb.vc_custom_1671556617013{background-color: #ffffff !important;}\u00bb][vc_column][vc_cta h2=\u00bbSu tour operador confiable\u00bb h2_font_container=\u00bbtag:h2|font_size:200%25|text_align:center|color:%23222222&#8243; h2_use_theme_fonts=\u00bbyes\u00bb txt_align=\u00bbcenter\u00bb shape=\u00bbsquare\u00bb style=\u00bbflat\u00bb color=\u00bbwhite\u00bb el_width=\u00bblg\u00bb use_custom_fonts_h2=\u00bbtrue\u00bb css=\u00bb.vc_custom_1671557269002{margin-bottom: 0px !important;padding-bottom: 10px !important;background-color: #ffffff !important;}\u00bb]Con m\u00e1s de 30 a\u00f1os de entregar experiencias naturalistas a miles de vistantes, nos especializamos en tours y actividades excepcionales. Conozca los destinos naturales m\u00e1s incre\u00edbles en Arenal y [&hellip;]<\/p>\n","protected":false},"author":1,"featured_media":0,"parent":0,"menu_order":0,"comment_status":"closed","ping_status":"closed","template":"page-blank.php","meta":{"footnotes":""},"class_list":["post-1032","page","type-page","status-publish","hentry"],"aioseo_notices":[],"_links":{"self":[{"href":"https:\/\/bluepasshub.com\/es\/wp-json\/wp\/v2\/pages\/1032","targetHints":{"allow":["GET"]}}],"collection":[{"href":"https:\/\/bluepasshub.com\/es\/wp-json\/wp\/v2\/pages"}],"about":[{"href":"https:\/\/bluepasshub.com\/es\/wp-json\/wp\/v2\/types\/page"}],"author":[{"embeddable":true,"href":"https:\/\/bluepasshub.com\/es\/wp-json\/wp\/v2\/users\/1"}],"replies":[{"embeddable":true,"href":"https:\/\/bluepasshub.com\/es\/wp-json\/wp\/v2\/comments?post=1032"}],"version-history":[{"count":10,"href":"https:\/\/bluepasshub.com\/es\/wp-json\/wp\/v2\/pages\/1032\/revisions"}],"predecessor-version":[{"id":1892,"href":"https:\/\/bluepasshub.com\/es\/wp-json\/wp\/v2\/pages\/1032\/revisions\/1892"}],"wp:attachment":[{"href":"https:\/\/bluepasshub.com\/es\/wp-json\/wp\/v2\/media?parent=1032"}],"curies":[{"name":"wp","href":"https:\/\/api.w.org\/{rel}","templated":true}]}}