{"id":1449,"date":"2023-05-02T11:55:08","date_gmt":"2023-05-02T17:55:08","guid":{"rendered":"https:\/\/bluepasshub.com\/tours-actividades-2\/"},"modified":"2023-05-30T12:35:28","modified_gmt":"2023-05-30T18:35:28","slug":"tours-actividades","status":"publish","type":"page","link":"https:\/\/bluepasshub.com\/es\/tours-actividades\/","title":{"rendered":"Tours y Actividades"},"content":{"rendered":"<p>[vc_row][vc_column][vc_empty_space height=\u00bb50px\u00bb][vc_row_inner css=\u00bb.vc_custom_1657216607941{background-image: url(https:\/\/bluepasshub.com\/wp-content\/uploads\/2022\/07\/Texture-BG_1.png?id=583) !important;background-position: center !important;background-repeat: no-repeat !important;background-size: cover !important;}\u00bb][vc_column_inner][vc_cta h2=\u00bbTours &amp; Actividades\u00bb h2_font_container=\u00bbtag:h1|font_size:32|text_align:center\u00bb h2_use_theme_fonts=\u00bbyes\u00bb txt_align=\u00bbcenter\u00bb shape=\u00bbsquare\u00bb el_width=\u00bbmd\u00bb use_custom_fonts_h2=\u00bbtrue\u00bb css=\u00bb.vc_custom_1657217462224{background-color: #ffffff !important;background-position: center !important;background-repeat: no-repeat !important;background-size: cover !important;}\u00bb]Reservar sus tours y actividades es simple y seguro![\/vc_cta][\/vc_column_inner][\/vc_row_inner][vc_empty_space height=\u00bb50px\u00bb]<div class=\"widget widget-sidebar \"><div class=\"s-title\"><h2><\/h2><\/div><div class=\"deals\"><div class=\"row\"><article data-tour-id=\"1535\" class=\"tour_item one-fourth \"><div><a href=\"https:\/\/bluepasshub.com\/es\/tour\/tour-en-bote-por-el-lago-arenal\/\" title=\"Tour en Bote Lago Arenal\"><figure><img fetchpriority=\"high\" decoding=\"async\" width=\"400\" height=\"300\" src=\"https:\/\/bluepasshub.com\/wp-content\/uploads\/2023\/06\/Boat-Tour-Arenal-Lake-Blue-Pass_0001_DJI_0290-6-400x300.jpg\" class=\"attachment-thumbnail size-thumbnail wp-post-image\" alt=\"Boat Tour Arenal Lake Blue Pass 0001 DJI 0290 6\" title=\"Boat Tour Arenal Lake Blue Pass 0001 DJI 0290 6\" \/><\/figure><\/a><div class=\"details hide-rating hide-address \"><div class='item-header'><h3><a href=\"https:\/\/bluepasshub.com\/es\/tour\/tour-en-bote-por-el-lago-arenal\/\" title=\"Tour en Bote Lago Arenal\">Tour en Bote Lago Arenal<\/a><\/h3><\/div>\t\t<div class=\"item_price\" style=\"display:none\">\n\t\t\tFrom\t\t\t\t\t\t<span class=\"price\">\n\t\t\t\t<em>\n\t\t\t\t\t\t\t\t<span class=\"curr\"><\/span>\n\t\t\t\t<span class=\"amount\"><\/span>\n\t\t\t\t\t\t\t\t<\/em>\n\t\t\t<\/span>\n\t\t\t\t<\/div>\n\t\t<div class='description'><p>Visite el lago m\u00e1s grande Costa Rica. La cima del Volc\u00e1n domina el horizonte hacia el Este y una rica biodiversidad puebla la orilla del lago. El tour en bote por el lago Arenal es una experiencia ideal para la familia y viajeros que busquen descansar y pasear.<\/p>\n<\/div><div class='actions'><a href='https:\/\/bluepasshub.com\/es\/tour\/tour-en-bote-por-el-lago-arenal\/' class='gradient-button edit-entity'  data-id='1535'  title='Book now'>Book now<\/a><\/div><\/div><!--\/\/details--><a href=\"https:\/\/bluepasshub.com\/es\/tour\/tour-en-bote-por-el-lago-arenal\/\" class=\"overlay-link\"><\/a><\/div><\/article><!--\/\/tour_item--><article data-tour-id=\"1463\" class=\"tour_item one-fourth \"><div><a href=\"https:\/\/bluepasshub.com\/es\/tour\/safari-flotante-en-el-rio-penas-blancas\/\" title=\"Safari Flotante en el Rio Pe\u00f1as Blancas\"><figure><img decoding=\"async\" width=\"400\" height=\"300\" src=\"https:\/\/bluepasshub.com\/wp-content\/uploads\/2023\/05\/Safari__0004_Layer-0-400x300.jpg\" class=\"attachment-thumbnail size-thumbnail wp-post-image\" alt=\"Safari  0004 Layer 0\" title=\"Safari  0004 Layer 0\" \/><\/figure><\/a><div class=\"details hide-rating hide-address \"><div class='item-header'><h3><a href=\"https:\/\/bluepasshub.com\/es\/tour\/safari-flotante-en-el-rio-penas-blancas\/\" title=\"Safari Flotante en el Rio Pe\u00f1as Blancas\">Safari Flotante en el Rio Pe\u00f1as Blancas<\/a><\/h3><\/div>\t\t<div class=\"item_price\" style=\"display:none\">\n\t\t\tFrom\t\t\t\t\t\t<span class=\"price\">\n\t\t\t\t<em>\n\t\t\t\t\t\t\t\t<span class=\"curr\"><\/span>\n\t\t\t\t<span class=\"amount\"><\/span>\n\t\t\t\t\t\t\t\t<\/em>\n\t\t\t<\/span>\n\t\t\t\t<\/div>\n\t\t<div class='description'><p>Disfrute la vista y los sonidos del bosque tropical, su\u00a0tranquilidad mientras remamos por el R\u00edo Pe\u00f1as Blancas. Descubra monos, iguanas, perezosas, cocodrilos y un gran n\u00famero\u00a0de aves tropicales a lo largo del r\u00edo!<\/p>\n<\/div><div class='actions'><a href='https:\/\/bluepasshub.com\/es\/tour\/safari-flotante-en-el-rio-penas-blancas\/' class='gradient-button edit-entity'  data-id='1463'  title='Book now'>Book now<\/a><\/div><\/div><!--\/\/details--><a href=\"https:\/\/bluepasshub.com\/es\/tour\/safari-flotante-en-el-rio-penas-blancas\/\" class=\"overlay-link\"><\/a><\/div><\/article><!--\/\/tour_item--><article data-tour-id=\"1459\" class=\"tour_item one-fourth \"><div><a href=\"https:\/\/bluepasshub.com\/es\/tour\/excursion-de-un-dia-a-cano-negro-tour-de-bote-sector-rio-frio-boat-desde-la-fortuna\/\" title=\"Safari en Bote a Ca\u00f1o Negro\"><figure><img decoding=\"async\" width=\"400\" height=\"300\" src=\"https:\/\/bluepasshub.com\/wp-content\/uploads\/2023\/05\/Cano-Negro-Blue-Pass.jpg_0008_DSC_6167-400x300.jpg\" class=\"attachment-thumbnail size-thumbnail wp-post-image\" alt=\"Cano Negro Blue Pass.jpg 0008 DSC 6167\" title=\"Cano Negro Blue Pass.jpg 0008 DSC 6167\" \/><\/figure><\/a><div class=\"details hide-rating hide-address \"><div class='item-header'><h3><a href=\"https:\/\/bluepasshub.com\/es\/tour\/excursion-de-un-dia-a-cano-negro-tour-de-bote-sector-rio-frio-boat-desde-la-fortuna\/\" title=\"Safari en Bote a Ca\u00f1o Negro\">Safari en Bote a Ca\u00f1o Negro<\/a><\/h3><\/div>\t\t<div class=\"item_price\" style=\"display:none\">\n\t\t\tFrom\t\t\t\t\t\t<span class=\"price\">\n\t\t\t\t<em>\n\t\t\t\t\t\t\t\t<span class=\"curr\"><\/span>\n\t\t\t\t<span class=\"amount\"><\/span>\n\t\t\t\t\t\t\t\t<\/em>\n\t\t\t<\/span>\n\t\t\t\t<\/div>\n\t\t<div class='description'><p>Para amantes de la naturaleza! Este tour por el R\u00edo Fr\u00edo le llevar\u00e1 cerca del Refugio de Visa Silvestre Ca\u00f1o Negro. Aqu\u00ed podr\u00e1 encontrar fauna diversa como en pocos lugares de Costa Rica: monos, perezosos, caimanes, aves migratorias y residentes, entre muchos otros m\u00e1s.<\/p>\n<\/div><div class='actions'><a href='https:\/\/bluepasshub.com\/es\/tour\/excursion-de-un-dia-a-cano-negro-tour-de-bote-sector-rio-frio-boat-desde-la-fortuna\/' class='gradient-button edit-entity'  data-id='1459'  title='Book now'>Book now<\/a><\/div><\/div><!--\/\/details--><a href=\"https:\/\/bluepasshub.com\/es\/tour\/excursion-de-un-dia-a-cano-negro-tour-de-bote-sector-rio-frio-boat-desde-la-fortuna\/\" class=\"overlay-link\"><\/a><\/div><\/article><!--\/\/tour_item--><article data-tour-id=\"3403\" class=\"tour_item one-fourth \"><div><a href=\"https:\/\/bluepasshub.com\/es\/tour\/rafting-rio-balsa\/\" title=\"Rafting Rio Balsa\"><figure><img loading=\"lazy\" decoding=\"async\" width=\"400\" height=\"300\" src=\"https:\/\/bluepasshub.com\/wp-content\/uploads\/2024\/07\/balsa-river-rafting-costa-rica-400x300.webp\" class=\"attachment-thumbnail size-thumbnail wp-post-image\" alt=\"\" title=\"balsa-river-rafting-costa-rica\" \/><\/figure><\/a><div class=\"details hide-rating hide-address \"><div class='item-header'><h3><a href=\"https:\/\/bluepasshub.com\/es\/tour\/rafting-rio-balsa\/\" title=\"Rafting Rio Balsa\">Rafting Rio Balsa<\/a><\/h3><\/div>\t\t<div class=\"item_price\" style=\"display:none\">\n\t\t\tFrom\t\t\t\t\t\t<span class=\"price\">\n\t\t\t\t<em>\n\t\t\t\t\t\t\t\t<span class=\"curr\"><\/span>\n\t\t\t\t<span class=\"amount\"><\/span>\n\t\t\t\t\t\t\t\t<\/em>\n\t\t\t<\/span>\n\t\t\t\t<\/div>\n\t\t<div class='description'><p>\u00a1A solo una hora de La Fortuna! Rema a trav\u00e9s de ola tras ola en el r\u00edo Balsa con m\u00e1s de 20 r\u00e1pidos seguros y divertidos de clase II y III, mientras disfrutas de la belleza natural de la selva tropical circundante. <\/p>\n<\/div><div class='actions'><a href='https:\/\/bluepasshub.com\/es\/tour\/rafting-rio-balsa\/' class='gradient-button edit-entity'  data-id='3403'  title='Book now'>Book now<\/a><\/div><\/div><!--\/\/details--><a href=\"https:\/\/bluepasshub.com\/es\/tour\/rafting-rio-balsa\/\" class=\"overlay-link\"><\/a><\/div><\/article><!--\/\/tour_item--><article data-tour-id=\"1645\" class=\"tour_item one-fourth \"><div><a href=\"https:\/\/bluepasshub.com\/es\/tour\/puentes-colgantes-en-arenal\/\" title=\"Puentes Colgantes en Arenal\"><figure><img loading=\"lazy\" decoding=\"async\" width=\"400\" height=\"300\" src=\"https:\/\/bluepasshub.com\/wp-content\/uploads\/2023\/06\/Hanging-Bridges-Blue-Pass_0000_Aventuras-arenal-Hanging-bridges-7-2-400x300.jpg\" class=\"attachment-thumbnail size-thumbnail wp-post-image\" alt=\"Hanging Bridges Blue Pass 0000 Aventuras arenal Hanging bridges 7 2\" title=\"Hanging Bridges Blue Pass 0000 Aventuras arenal Hanging bridges 7 2\" \/><\/figure><\/a><div class=\"details hide-rating hide-address \"><div class='item-header'><h3><a href=\"https:\/\/bluepasshub.com\/es\/tour\/puentes-colgantes-en-arenal\/\" title=\"Puentes Colgantes en Arenal\">Puentes Colgantes en Arenal<\/a><\/h3><\/div>\t\t<div class=\"item_price\" style=\"display:none\">\n\t\t\tFrom\t\t\t\t\t\t<span class=\"price\">\n\t\t\t\t<em>\n\t\t\t\t\t\t\t\t<span class=\"curr\"><\/span>\n\t\t\t\t<span class=\"amount\"><\/span>\n\t\t\t\t\t\t\t\t<\/em>\n\t\t\t<\/span>\n\t\t\t\t<\/div>\n\t\t<div class='description'><p>Conozca el bosque lluvioso desde las copas de los \u00e1rboles en la Puentes Colgantes de Mistico Park Una experiencia <strong>desde lo alto de los \u00e1rboles<\/strong> en La Fortuna, Costa Rica Disfrute de <strong>15 puentes<\/strong>, de hasta y 100m de largo.<\/p>\n<\/div><div class='actions'><a href='https:\/\/bluepasshub.com\/es\/tour\/puentes-colgantes-en-arenal\/' class='gradient-button edit-entity'  data-id='1645'  title='Book now'>Book now<\/a><\/div><\/div><!--\/\/details--><a href=\"https:\/\/bluepasshub.com\/es\/tour\/puentes-colgantes-en-arenal\/\" class=\"overlay-link\"><\/a><\/div><\/article><!--\/\/tour_item--><article data-tour-id=\"1790\" class=\"tour_item one-fourth \"><div><a href=\"https:\/\/bluepasshub.com\/es\/tour\/puentes-colgantes-aguas-termales-baldi\/\" title=\"Puentes Colgantes + Aguas Termales Baldi\"><figure><div class='promo-ribbon '><span>Paquete<\/span><\/div><img loading=\"lazy\" decoding=\"async\" width=\"400\" height=\"300\" src=\"https:\/\/bluepasshub.com\/wp-content\/uploads\/2023\/06\/Hanging-Bridges-Blue-Pass_0003_PuentesMain-Swiss-400x300.jpg\" class=\"attachment-thumbnail size-thumbnail wp-post-image\" alt=\"Hanging Bridges Blue Pass 0003 PuentesMain Swiss\" title=\"Hanging Bridges Blue Pass 0003 PuentesMain Swiss\" \/><\/figure><\/a><div class=\"details hide-rating hide-address \"><div class='item-header'><h3><a href=\"https:\/\/bluepasshub.com\/es\/tour\/puentes-colgantes-aguas-termales-baldi\/\" title=\"Puentes Colgantes + Aguas Termales Baldi\">Puentes Colgantes + Aguas Termales Baldi<\/a><\/h3><\/div>\t\t<div class=\"item_price\" style=\"display:none\">\n\t\t\tFrom\t\t\t\t\t\t<span class=\"price\">\n\t\t\t\t<em>\n\t\t\t\t\t\t\t\t<span class=\"curr\"><\/span>\n\t\t\t\t<span class=\"amount\"><\/span>\n\t\t\t\t\t\t\t\t<\/em>\n\t\t\t<\/span>\n\t\t\t\t<\/div>\n\t\t<div class='description'><p>Mistico Park posee unos de los m\u00e1s emocionantes puentes colgantes de Costa Rica. Combine su visita a Mistico Park con los mejores momentos de relajaci\u00f3n en las aguas termales de Baldi. A signature combination tour in La Fortuna!<\/p>\n<\/div><div class='actions'><a href='https:\/\/bluepasshub.com\/es\/tour\/puentes-colgantes-aguas-termales-baldi\/' class='gradient-button edit-entity'  data-id='1790'  title='Book now'>Book now<\/a><\/div><\/div><!--\/\/details--><a href=\"https:\/\/bluepasshub.com\/es\/tour\/puentes-colgantes-aguas-termales-baldi\/\" class=\"overlay-link\"><\/a><\/div><\/article><!--\/\/tour_item--><article data-tour-id=\"3087\" class=\"tour_item one-fourth \"><div><a href=\"https:\/\/bluepasshub.com\/es\/tour\/palo-verde-bebedero-safari-en-bote-con-almuerzo\/\" title=\"Palo Verde &amp; Bebedero Safari en Bote con Almuerzo\"><figure><img loading=\"lazy\" decoding=\"async\" width=\"400\" height=\"300\" src=\"https:\/\/bluepasshub.com\/wp-content\/uploads\/2024\/06\/Blue_Pass_Palo_Verde_Bebedero_boat-400x300.webp\" class=\"attachment-thumbnail size-thumbnail wp-post-image\" alt=\"\" title=\"Blue_Pass_Palo_Verde_Bebedero_boat\" \/><\/figure><\/a><div class=\"details hide-rating hide-address \"><div class='item-header'><h3><a href=\"https:\/\/bluepasshub.com\/es\/tour\/palo-verde-bebedero-safari-en-bote-con-almuerzo\/\" title=\"Palo Verde &amp; Bebedero Safari en Bote con Almuerzo\">Palo Verde &amp; Bebedero Safari en Bote con Almuerzo<\/a><\/h3><\/div>\t\t<div class=\"item_price\" style=\"display:none\">\n\t\t\tFrom\t\t\t\t\t\t<span class=\"price\">\n\t\t\t\t<em>\n\t\t\t\t\t\t\t\t<span class=\"curr\"><\/span>\n\t\t\t\t<span class=\"amount\"><\/span>\n\t\t\t\t\t\t\t\t<\/em>\n\t\t\t<\/span>\n\t\t\t\t<\/div>\n\t\t<div class='description'><p>Vive una aventura de safari en bote a trav\u00e9s del bosque seco tropical de Costa Rica. Cient\u00edficos de todo el mundo vienen a estudiar este rico ecosistema que combina r\u00edos, pantanos, manglares y bosques secos.<\/p>\n<\/div><div class='actions'><a href='https:\/\/bluepasshub.com\/es\/tour\/palo-verde-bebedero-safari-en-bote-con-almuerzo\/' class='gradient-button edit-entity'  data-id='3087'  title='Book now'>Book now<\/a><\/div><\/div><!--\/\/details--><a href=\"https:\/\/bluepasshub.com\/es\/tour\/palo-verde-bebedero-safari-en-bote-con-almuerzo\/\" class=\"overlay-link\"><\/a><\/div><\/article><!--\/\/tour_item--><article data-tour-id=\"2691\" class=\"tour_item one-fourth \"><div><a href=\"https:\/\/bluepasshub.com\/es\/tour\/pajareada-al-atardecer-tour-en-bote-lago-arenal\/\" title=\"Pajareada al Atardecer Tour en Bote Lago Arenal\"><figure><img loading=\"lazy\" decoding=\"async\" width=\"400\" height=\"300\" src=\"https:\/\/bluepasshub.com\/wp-content\/uploads\/2023\/06\/Birdwatching-Blue-Pass-SB01-400x300.jpg\" class=\"attachment-thumbnail size-thumbnail wp-post-image\" alt=\"Birdwatching Blue Pass SB01\" title=\"Birdwatching Blue Pass SB01\" \/><\/figure><\/a><div class=\"details hide-rating hide-address \"><div class='item-header'><h3><a href=\"https:\/\/bluepasshub.com\/es\/tour\/pajareada-al-atardecer-tour-en-bote-lago-arenal\/\" title=\"Pajareada al Atardecer Tour en Bote Lago Arenal\">Pajareada al Atardecer Tour en Bote Lago Arenal<\/a><\/h3><\/div>\t\t<div class=\"item_price\" style=\"display:none\">\n\t\t\tFrom\t\t\t\t\t\t<span class=\"price\">\n\t\t\t\t<em>\n\t\t\t\t\t\t\t\t<span class=\"curr\"><\/span>\n\t\t\t\t<span class=\"amount\"><\/span>\n\t\t\t\t\t\t\t\t<\/em>\n\t\t\t<\/span>\n\t\t\t\t<\/div>\n\t\t<div class='description'><p>De las 900 especies confirmadas que habitan en Costa Rica, 340 pueden encontrarse en los alrededores del lago Arenal. Experimente el impresionante concierto de cantos de aves al atardecer , desde la comidad de un bote mientras navega por el Lago Arenal.<\/p>\n<\/div><div class='actions'><a href='https:\/\/bluepasshub.com\/es\/tour\/pajareada-al-atardecer-tour-en-bote-lago-arenal\/' class='gradient-button edit-entity'  data-id='2691'  title='Book now'>Book now<\/a><\/div><\/div><!--\/\/details--><a href=\"https:\/\/bluepasshub.com\/es\/tour\/pajareada-al-atardecer-tour-en-bote-lago-arenal\/\" class=\"overlay-link\"><\/a><\/div><\/article><!--\/\/tour_item--><article data-tour-id=\"1465\" class=\"tour_item one-fourth \"><div><a href=\"https:\/\/bluepasshub.com\/es\/tour\/kayaking-en-el-lago-arenal\/\" title=\"Kayaking en el Lago Arenal\"><figure><img loading=\"lazy\" decoding=\"async\" width=\"400\" height=\"300\" src=\"https:\/\/bluepasshub.com\/wp-content\/uploads\/2023\/05\/Kayak-Lago-Arenal-Aventuras-Arenal-6-400x300.jpg\" class=\"attachment-thumbnail size-thumbnail wp-post-image\" alt=\"Kayak Lago Arenal Aventuras Arenal 6\" title=\"Kayak Lago Arenal Aventuras Arenal 6\" \/><\/figure><\/a><div class=\"details hide-rating hide-address \"><div class='item-header'><h3><a href=\"https:\/\/bluepasshub.com\/es\/tour\/kayaking-en-el-lago-arenal\/\" title=\"Kayaking en el Lago Arenal\">Kayaking en el Lago Arenal<\/a><\/h3><\/div>\t\t<div class=\"item_price\" style=\"display:none\">\n\t\t\tFrom\t\t\t\t\t\t<span class=\"price\">\n\t\t\t\t<em>\n\t\t\t\t\t\t\t\t<span class=\"curr\"><\/span>\n\t\t\t\t<span class=\"amount\"><\/span>\n\t\t\t\t\t\t\t\t<\/em>\n\t\t\t<\/span>\n\t\t\t\t<\/div>\n\t\t<div class='description'><p>Explore el Lago Arenal, el cuerpo de agua m\u00e1s grande de Costa Rica, mientras disfruta de vistas asombrosas del volc\u00e1n Arenal y la cordillera.<\/p>\n<\/div><div class='actions'><a href='https:\/\/bluepasshub.com\/es\/tour\/kayaking-en-el-lago-arenal\/' class='gradient-button edit-entity'  data-id='1465'  title='Book now'>Book now<\/a><\/div><\/div><!--\/\/details--><a href=\"https:\/\/bluepasshub.com\/es\/tour\/kayaking-en-el-lago-arenal\/\" class=\"overlay-link\"><\/a><\/div><\/article><!--\/\/tour_item--><article data-tour-id=\"1457\" class=\"tour_item one-fourth \"><div><a href=\"https:\/\/bluepasshub.com\/es\/tour\/flexi-pass-lago-arenal\/\" title=\"Flexi Pass Lago Arenal\"><figure><img loading=\"lazy\" decoding=\"async\" width=\"400\" height=\"300\" src=\"https:\/\/bluepasshub.com\/wp-content\/uploads\/2023\/05\/FlexiPass-Blue-Pass_0000_Layer-1-400x300.jpg\" class=\"attachment-thumbnail size-thumbnail wp-post-image\" alt=\"FlexiPass Blue Pass 0000 Layer 1\" title=\"FlexiPass Blue Pass 0000 Layer 1\" \/><\/figure><\/a><div class=\"details hide-rating hide-address \"><div class='item-header'><h3><a href=\"https:\/\/bluepasshub.com\/es\/tour\/flexi-pass-lago-arenal\/\" title=\"Flexi Pass Lago Arenal\">Flexi Pass Lago Arenal<\/a><\/h3><\/div>\t\t<div class=\"item_price\" style=\"display:none\">\n\t\t\tFrom\t\t\t\t\t\t<span class=\"price\">\n\t\t\t\t<em>\n\t\t\t\t\t\t\t\t<span class=\"curr\"><\/span>\n\t\t\t\t<span class=\"amount\"><\/span>\n\t\t\t\t\t\t\t\t<\/em>\n\t\t\t<\/span>\n\t\t\t\t<\/div>\n\t\t<div class='description'><p>Viva la mejor experiencia en el Lago Arenal! Aproveche al m\u00e1ximo su visita realizando 3 actividades: Kayaking o Stand Up Paddling, una Paseo en Bote y una caminata por el Sendero Pen\u00ednsula del Parque Nacional Volc\u00e1n Arenal.<\/p>\n<\/div><div class='actions'><a href='https:\/\/bluepasshub.com\/es\/tour\/flexi-pass-lago-arenal\/' class='gradient-button edit-entity'  data-id='1457'  title='Book now'>Book now<\/a><\/div><\/div><!--\/\/details--><a href=\"https:\/\/bluepasshub.com\/es\/tour\/flexi-pass-lago-arenal\/\" class=\"overlay-link\"><\/a><\/div><\/article><!--\/\/tour_item--><article data-tour-id=\"1800\" class=\"tour_item one-fourth \"><div><a href=\"https:\/\/bluepasshub.com\/es\/tour\/cruce-del-lago-arenal-a-monteverde\/\" title=\"Cruce del Lago Arenal a Monteverde\"><figure><img loading=\"lazy\" decoding=\"async\" width=\"400\" height=\"300\" src=\"https:\/\/bluepasshub.com\/wp-content\/uploads\/2023\/06\/Lake-Crossing-Blue-Pass_0002_aventuras-arenal-la-fortuna-arenal-volcano-lake-costa-rica-400x300.jpg\" class=\"attachment-thumbnail size-thumbnail wp-post-image\" alt=\"Lake Crossing Blue Pass 0002 aventuras arenal la fortuna arenal volcano lake costa rica\" title=\"Lake Crossing Blue Pass 0002 aventuras arenal la fortuna arenal volcano lake costa rica\" \/><\/figure><\/a><div class=\"details hide-rating hide-address \"><div class='item-header'><h3><a href=\"https:\/\/bluepasshub.com\/es\/tour\/cruce-del-lago-arenal-a-monteverde\/\" title=\"Cruce del Lago Arenal a Monteverde\">Cruce del Lago Arenal a Monteverde<\/a><\/h3><\/div>\t\t<div class=\"item_price\" style=\"display:none\">\n\t\t\tFrom\t\t\t\t\t\t<span class=\"price\">\n\t\t\t\t<em>\n\t\t\t\t\t\t\t\t<span class=\"curr\"><\/span>\n\t\t\t\t<span class=\"amount\"><\/span>\n\t\t\t\t\t\t\t\t<\/em>\n\t\t\t<\/span>\n\t\t\t\t<\/div>\n\t\t<div class='description'><p>La forma m\u00e1s r\u00e1pida y esc\u00e9nica para viajar de La Fortuna a Monteverde o viceversa, es a trav\u00e9s del Lago Arenal.<\/p>\n<\/div><div class='actions'><a href='https:\/\/bluepasshub.com\/es\/tour\/cruce-del-lago-arenal-a-monteverde\/' class='gradient-button edit-entity'  data-id='1800'  title='Book now'>Book now<\/a><\/div><\/div><!--\/\/details--><a href=\"https:\/\/bluepasshub.com\/es\/tour\/cruce-del-lago-arenal-a-monteverde\/\" class=\"overlay-link\"><\/a><\/div><\/article><!--\/\/tour_item--><article data-tour-id=\"1646\" class=\"tour_item one-fourth \"><div><a href=\"https:\/\/bluepasshub.com\/es\/tour\/catarata-la-fortuna-almuerzo-tradicional\/\" title=\"Catarata La Fortuna &amp; Almuerzo Tradicional\"><figure><img loading=\"lazy\" decoding=\"async\" width=\"400\" height=\"300\" src=\"https:\/\/bluepasshub.com\/wp-content\/uploads\/2023\/06\/La-Fortuna-Waterfall-Blue-Pass__0002_DSC_6486-400x300.jpg\" class=\"attachment-thumbnail size-thumbnail wp-post-image\" alt=\"La Fortuna Waterfall Blue Pass  0002 DSC 6486\" title=\"La Fortuna Waterfall Blue Pass  0002 DSC 6486\" \/><\/figure><\/a><div class=\"details hide-rating hide-address \"><div class='item-header'><h3><a href=\"https:\/\/bluepasshub.com\/es\/tour\/catarata-la-fortuna-almuerzo-tradicional\/\" title=\"Catarata La Fortuna &amp; Almuerzo Tradicional\">Catarata La Fortuna &amp; Almuerzo Tradicional<\/a><\/h3><\/div>\t\t<div class=\"item_price\" style=\"display:none\">\n\t\t\tFrom\t\t\t\t\t\t<span class=\"price\">\n\t\t\t\t<em>\n\t\t\t\t\t\t\t\t<span class=\"curr\"><\/span>\n\t\t\t\t<span class=\"amount\"><\/span>\n\t\t\t\t\t\t\t\t<\/em>\n\t\t\t<\/span>\n\t\t\t\t<\/div>\n\t\t<div class='description'><p>Sin duda, una de las Cataratas m\u00e1s famosas de todo Costa Rica. La Catarata La Fortuna es un atractivo de los que no se puede perder. Con una ca\u00edda de 64m de alto en una piscina color turquesa, esta catarata es la postal perfecta de la jungla de Costa Rica<\/p>\n<\/div><div class='actions'><a href='https:\/\/bluepasshub.com\/es\/tour\/catarata-la-fortuna-almuerzo-tradicional\/' class='gradient-button edit-entity'  data-id='1646'  title='Book now'>Book now<\/a><\/div><\/div><!--\/\/details--><a href=\"https:\/\/bluepasshub.com\/es\/tour\/catarata-la-fortuna-almuerzo-tradicional\/\" class=\"overlay-link\"><\/a><\/div><\/article><!--\/\/tour_item--><\/div><!--row--><\/div><!--deals--><\/div>[\/vc_column][\/vc_row][vc_row][vc_column][vc_empty_space height=\u00bb60px\u00bb][vc_raw_html]JTNDc2NyaXB0JTIwdHlwZSUzRCUyMnRleHQlMkZqYXZhc2NyaXB0JTIyJTIwc3JjJTNEJTIyaHR0cHMlM0ElMkYlMkZ3aWRnZXRzLmJva3VuLmlvJTJGYXNzZXRzJTJGamF2YXNjcmlwdHMlMkZhcHBzJTJGYnVpbGQlMkZCb2t1bldpZGdldHNMb2FkZXIuanMlM0Zib29raW5nQ2hhbm5lbFVVSUQlM0Q1ZjU4MGY5NS01YzllLTRmZjItODdmMS1jMWY5ZDUxMGFiNGElMjIlMjBhc3luYyUzRSUzQyUyRnNjcmlwdCUzRSUwQSUyMCUyMCUyMCUyMCUyMCUwQSUyMCUyMCUyMCUyMCUzQ2RpdiUyMGNsYXNzJTNEJTIyYm9rdW5XaWRnZXQlMjIlMjBkYXRhLXNyYyUzRCUyMmh0dHBzJTNBJTJGJTJGd2lkZ2V0cy5ib2t1bi5pbyUyRm9ubGluZS1zYWxlcyUyRjVmNTgwZjk1LTVjOWUtNGZmMi04N2YxLWMxZjlkNTEwYWI0YSUyRmdpZnQtY2FyZCUyRjEwMTQlMjIlM0UlM0MlMkZkaXYlM0UlMEElMjAlMjAlMjAlMjAlM0Nub3NjcmlwdCUzRVBsZWFzZSUyMGVuYWJsZSUyMGphdmFzY3JpcHQlMjBpbiUyMHlvdXIlMjBicm93c2VyJTIwdG8lMjBib29rJTNDJTJGbm9zY3JpcHQlM0UlMEE=[\/vc_raw_html][\/vc_column][\/vc_row]<\/p>\n","protected":false},"excerpt":{"rendered":"<p>[vc_row][vc_column][vc_empty_space height=\u00bb50px\u00bb][vc_row_inner css=\u00bb.vc_custom_1657216607941{background-image: url(https:\/\/bluepasshub.com\/wp-content\/uploads\/2022\/07\/Texture-BG_1.png?id=583) !important;background-position: center !important;background-repeat: no-repeat !important;background-size: cover !important;}\u00bb][vc_column_inner][vc_cta h2=\u00bbTours &amp; Actividades\u00bb h2_font_container=\u00bbtag:h1|font_size:32|text_align:center\u00bb h2_use_theme_fonts=\u00bbyes\u00bb txt_align=\u00bbcenter\u00bb shape=\u00bbsquare\u00bb el_width=\u00bbmd\u00bb use_custom_fonts_h2=\u00bbtrue\u00bb css=\u00bb.vc_custom_1657217462224{background-color: #ffffff !important;background-position: center !important;background-repeat: no-repeat !important;background-size: cover !important;}\u00bb]Reservar sus tours y actividades es simple y seguro![\/vc_cta][\/vc_column_inner][\/vc_row_inner][vc_empty_space height=\u00bb50px\u00bb][\/vc_column][\/vc_row][vc_row][vc_column][vc_empty_space height=\u00bb60px\u00bb][vc_raw_html]JTNDc2NyaXB0JTIwdHlwZSUzRCUyMnRleHQlMkZqYXZhc2NyaXB0JTIyJTIwc3JjJTNEJTIyaHR0cHMlM0ElMkYlMkZ3aWRnZXRzLmJva3VuLmlvJTJGYXNzZXRzJTJGamF2YXNjcmlwdHMlMkZhcHBzJTJGYnVpbGQlMkZCb2t1bldpZGdldHNMb2FkZXIuanMlM0Zib29raW5nQ2hhbm5lbFVVSUQlM0Q1ZjU4MGY5NS01YzllLTRmZjItODdmMS1jMWY5ZDUxMGFiNGElMjIlMjBhc3luYyUzRSUzQyUyRnNjcmlwdCUzRSUwQSUyMCUyMCUyMCUyMCUyMCUwQSUyMCUyMCUyMCUyMCUzQ2RpdiUyMGNsYXNzJTNEJTIyYm9rdW5XaWRnZXQlMjIlMjBkYXRhLXNyYyUzRCUyMmh0dHBzJTNBJTJGJTJGd2lkZ2V0cy5ib2t1bi5pbyUyRm9ubGluZS1zYWxlcyUyRjVmNTgwZjk1LTVjOWUtNGZmMi04N2YxLWMxZjlkNTEwYWI0YSUyRmdpZnQtY2FyZCUyRjEwMTQlMjIlM0UlM0MlMkZkaXYlM0UlMEElMjAlMjAlMjAlMjAlM0Nub3NjcmlwdCUzRVBsZWFzZSUyMGVuYWJsZSUyMGphdmFzY3JpcHQlMjBpbiUyMHlvdXIlMjBicm93c2VyJTIwdG8lMjBib29rJTNDJTJGbm9zY3JpcHQlM0UlMEE=[\/vc_raw_html][\/vc_column][\/vc_row]<\/p>\n","protected":false},"author":2,"featured_media":0,"parent":0,"menu_order":0,"comment_status":"closed","ping_status":"closed","template":"page-blank.php","meta":{"footnotes":""},"class_list":["post-1449","page","type-page","status-publish","hentry"],"aioseo_notices":[],"_links":{"self":[{"href":"https:\/\/bluepasshub.com\/es\/wp-json\/wp\/v2\/pages\/1449","targetHints":{"allow":["GET"]}}],"collection":[{"href":"https:\/\/bluepasshub.com\/es\/wp-json\/wp\/v2\/pages"}],"about":[{"href":"https:\/\/bluepasshub.com\/es\/wp-json\/wp\/v2\/types\/page"}],"author":[{"embeddable":true,"href":"https:\/\/bluepasshub.com\/es\/wp-json\/wp\/v2\/users\/2"}],"replies":[{"embeddable":true,"href":"https:\/\/bluepasshub.com\/es\/wp-json\/wp\/v2\/comments?post=1449"}],"version-history":[{"count":5,"href":"https:\/\/bluepasshub.com\/es\/wp-json\/wp\/v2\/pages\/1449\/revisions"}],"predecessor-version":[{"id":1497,"href":"https:\/\/bluepasshub.com\/es\/wp-json\/wp\/v2\/pages\/1449\/revisions\/1497"}],"wp:attachment":[{"href":"https:\/\/bluepasshub.com\/es\/wp-json\/wp\/v2\/media?parent=1449"}],"curies":[{"name":"wp","href":"https:\/\/api.w.org\/{rel}","templated":true}]}}