{"id":1838,"date":"2022-07-13T18:18:51","date_gmt":"2022-07-14T00:18:51","guid":{"rendered":"https:\/\/bluepasshub.com\/atractivos-turisticos-en-costa-rica\/"},"modified":"2023-08-30T09:58:04","modified_gmt":"2023-08-30T15:58:04","slug":"atractivos-de-costa-rica","status":"publish","type":"page","link":"https:\/\/bluepasshub.com\/es\/atractivos-de-costa-rica\/","title":{"rendered":"Atractivos de Costa Rica"},"content":{"rendered":"<p>[vc_row][vc_column][vc_gmaps link=\u00bb#E-8_JTNDaWZyYW1lJTIwc3JjJTNEJTIyaHR0cHMlM0ElMkYlMkZ3d3cuZ29vZ2xlLmNvbSUyRm1hcHMlMkZkJTJGdSUyRjAlMkZlbWJlZCUzRm1pZCUzRDFFa0dwbjVWMnVKNVRYc1FaaHhzMlFqODdSSVhFdzFxaiUyNmFtcCUzQmVoYmMlM0QyRTMxMkYlMjIlMjB3aWR0aCUzRCUyMjEwMCUyNSUyMiUyMGhlaWdodCUzRCUyMjUwMCUyMiUyMGZyYW1lYm9yZGVyJTNEJTIyMCUyMiUyMHN0eWxlJTNEJTIyYm9yZGVyJTNBMCUzQiUyMG1hcmdpbi10b3AlM0ElMjAtNjVweCUyMiUzRSUzQyUyRmlmcmFtZSUzRQ==\u00bb][\/vc_column][\/vc_row][vc_row][vc_column width=\u00bb1\/6&#8243;][\/vc_column][vc_column width=\u00bb2\/3&#8243;][vc_column_text]<\/p>\n<p style=\"text-align: center; font-size: 150%;\">Blue Pass cubre los mejores atractivos de Costa Rica, como el Volc\u00e1n Arenal y regiones cercanas: Rio Celeste y el Parque Nacional Tenorio y el Refugio de Vida Silvestre Ca\u00f1o Negro. Incluso se extiende a algunos de los paisajes m\u00e1s hermosos de Guanacaste, la afueras del Parque Nacional Palo Verde, la Catarata de Llanos de Cort\u00e9s y la cuidad colonial de Liberia.<\/p>\n<p>[\/vc_column_text][\/vc_column][vc_column width=\u00bb1\/6&#8243;][\/vc_column][\/vc_row][vc_row][vc_column][vc_single_image image=\u00bb782&#8243; img_size=\u00bbfull\u00bb alignment=\u00bbcenter\u00bb][\/vc_column][\/vc_row][vc_row css=\u00bb.vc_custom_1657757871068{margin-top: 20px !important;background-image: url(https:\/\/bluepasshub.com\/wp-content\/uploads\/2022\/07\/Arenal-Volcano-National-Park-Blue-Pass-1.jpg?id=578) !important;}\u00bb][vc_column width=\u00bb3\/4&#8243;][\/vc_column][vc_column width=\u00bb1\/4&#8243;][vc_cta h2=\u00bbParque Nacional Volc\u00e1n Arenal\u00bb h2_font_container=\u00bbtag:h2|text_align:left\u00bb h2_use_theme_fonts=\u00bbyes\u00bb shape=\u00bbsquare\u00bb style=\u00bbcustom\u00bb add_button=\u00bbbottom\u00bb btn_title=\u00bbVISITAR\u00bb btn_style=\u00bbcustom\u00bb btn_custom_background=\u00bb#36a9e1&#8243; btn_custom_text=\u00bb#ffffff\u00bb btn_shape=\u00bbround\u00bb btn_size=\u00bbsm\u00bb btn_align=\u00bbcenter\u00bb css_animation=\u00bbslideInRight\u00bb use_custom_fonts_h2=\u00bbtrue\u00bb custom_background=\u00bb#ffffff\u00bb btn_link=\u00bburl:https%3A%2F%2Fbluepasshub.com%2Fes%2Flocation%2Fparque-nacional-volcan-arenal%2F|title:Parque%20Nacional%20Volc%C3%A1n%20Arenal|\u00bb]Establecido en 1991, 23 a\u00f1os despu\u00e9s de la primrea erupci\u00f3n del volc\u00e1n, este Parque es uno de los m\u00e1s visitados en Arenal y su gran area ofrece atractivos en todos sus alrededores.[\/vc_cta][\/vc_column][\/vc_row][vc_row css=\u00bb.vc_custom_1693344716104{margin-top: 20px !important;background-image: url(https:\/\/bluepasshub.com\/wp-content\/uploads\/2023\/06\/La-Fortuna-Waterfall-Blue-Pass__0001__DSC0013.jpg?id=1559) !important;background-position: center !important;background-repeat: no-repeat !important;background-size: cover !important;}\u00bb][vc_column width=\u00bb1\/4&#8243;][vc_cta h2=\u00bbCatarata La Fortuna\u00bb h2_font_container=\u00bbtag:h2|text_align:left\u00bb h2_use_theme_fonts=\u00bbyes\u00bb shape=\u00bbsquare\u00bb style=\u00bbcustom\u00bb add_button=\u00bbbottom\u00bb btn_title=\u00bbVISITAR\u00bb btn_style=\u00bbcustom\u00bb btn_custom_background=\u00bb#36a9e1&#8243; btn_custom_text=\u00bb#ffffff\u00bb btn_shape=\u00bbround\u00bb btn_size=\u00bbsm\u00bb btn_align=\u00bbcenter\u00bb css_animation=\u00bbslideInRight\u00bb use_custom_fonts_h2=\u00bbtrue\u00bb custom_background=\u00bb#ffffff\u00bb btn_link=\u00bburl:https%3A%2F%2Fbluepasshub.com%2Fes%2Flocation%2Fcatarata-la-fortuna%2F|title:Parque%20Nacional%20Volc%C3%A1n%20Arenal|\u00bb]<span style=\"font-weight: 400;\">Una maravilla natural engarzada en el coraz\u00f3n de Costa Rica Con su belleza y envolvente ambiente que grita aventura, esta catarata es un destino mandatorio para viajeros de todo tipo y todas la edades.<\/span>[\/vc_cta][\/vc_column][vc_column width=\u00bb3\/4&#8243;][\/vc_column][\/vc_row][vc_row css=\u00bb.vc_custom_1693344755527{margin-top: 20px !important;background-image: url(https:\/\/bluepasshub.com\/wp-content\/uploads\/2023\/06\/Rio-Celeste-Blue-Pass-_0002_DSC_9560.jpg?id=1575) !important;background-position: center !important;background-repeat: no-repeat !important;background-size: cover !important;}\u00bb][vc_column width=\u00bb3\/4&#8243;][\/vc_column][vc_column width=\u00bb1\/4&#8243;][vc_cta h2=\u00bbRio Celeste\u00bb h2_font_container=\u00bbtag:h2|text_align:left\u00bb h2_use_theme_fonts=\u00bbyes\u00bb shape=\u00bbsquare\u00bb style=\u00bbcustom\u00bb add_button=\u00bbbottom\u00bb btn_title=\u00bbVISITAR\u00bb btn_style=\u00bbcustom\u00bb btn_custom_background=\u00bb#36a9e1&#8243; btn_custom_text=\u00bb#ffffff\u00bb btn_shape=\u00bbround\u00bb btn_size=\u00bbsm\u00bb btn_align=\u00bbcenter\u00bb css_animation=\u00bbslideInRight\u00bb use_custom_fonts_h2=\u00bbtrue\u00bb custom_background=\u00bb#ffffff\u00bb btn_link=\u00bburl:https%3A%2F%2Fbluepasshub.com%2Fes%2Flocation%2Frio-celeste%2F|title:Parque%20Nacional%20Volc%C3%A1n%20Arenal|\u00bb]Viaje a trav\u00e9s de la encantadora belleza del Parque Nacional Tenorio en Costa Rica. Mientras camina hacia una impresionante catarata, descubrir\u00e1 los secretos del misterioso Rio Celeste.[\/vc_cta][\/vc_column][\/vc_row][vc_row css=\u00bb.vc_custom_1693344842208{margin-top: 20px !important;background-image: url(https:\/\/bluepasshub.com\/wp-content\/uploads\/2022\/08\/Kayaking-Blue-Pass-Arenal-Lake.jpg?id=677) !important;background-position: center !important;background-repeat: no-repeat !important;background-size: cover !important;}\u00bb][vc_column width=\u00bb1\/4&#8243;][vc_cta h2=\u00bbLago Arenal\u00bb h2_font_container=\u00bbtag:h2|text_align:left\u00bb h2_use_theme_fonts=\u00bbyes\u00bb shape=\u00bbsquare\u00bb style=\u00bbcustom\u00bb add_button=\u00bbbottom\u00bb btn_title=\u00bbVISITAR\u00bb btn_style=\u00bbcustom\u00bb btn_custom_background=\u00bb#36a9e1&#8243; btn_custom_text=\u00bb#ffffff\u00bb btn_shape=\u00bbround\u00bb btn_size=\u00bbsm\u00bb btn_align=\u00bbcenter\u00bb css_animation=\u00bbslideInRight\u00bb use_custom_fonts_h2=\u00bbtrue\u00bb custom_background=\u00bb#ffffff\u00bb btn_link=\u00bburl:https%3A%2F%2Fbluepasshub.com%2Fes%2Flocation%2Flago-arenal%2F|title:Parque%20Nacional%20Volc%C3%A1n%20Arenal|\u00bb h2_link=\u00bbtitle:Arenal%20Lake%20in%20Costa%20Rica\u00bb]Viva la serenidad del Lago Arenal: Paseos en bote, vistas del Volc\u00e1n Arenal, kayaking y observaci\u00f3n de aves le esperan! Disfrute de un tiempo relajante en el lago justo al pi\u00e9 del volc\u00e1n.[\/vc_cta][\/vc_column][vc_column width=\u00bb3\/4&#8243;][\/vc_column][\/vc_row][vc_row css=\u00bb.vc_custom_1693344774823{margin-top: 20px !important;background-image: url(https:\/\/bluepasshub.com\/wp-content\/uploads\/2023\/05\/Cano-Negro-Blue-Pass.jpg_0010_DSC_6426.jpg?id=1393) !important;background-position: center !important;background-repeat: no-repeat !important;background-size: cover !important;}\u00bb][vc_column width=\u00bb3\/4&#8243;][\/vc_column][vc_column width=\u00bb1\/4&#8243;][vc_cta h2=\u00bbRefugio de Vida Silvestre Ca\u00f1o Negro\u00bb h2_font_container=\u00bbtag:h2|text_align:left\u00bb h2_use_theme_fonts=\u00bbyes\u00bb shape=\u00bbsquare\u00bb style=\u00bbcustom\u00bb add_button=\u00bbbottom\u00bb btn_title=\u00bbVISITAR\u00bb btn_style=\u00bbcustom\u00bb btn_custom_background=\u00bb#36a9e1&#8243; btn_custom_text=\u00bb#ffffff\u00bb btn_shape=\u00bbround\u00bb btn_size=\u00bbsm\u00bb btn_align=\u00bbcenter\u00bb css_animation=\u00bbslideInRight\u00bb use_custom_fonts_h2=\u00bbtrue\u00bb custom_background=\u00bb#ffffff\u00bb btn_link=\u00bburl:https%3A%2F%2Fbluepasshub.com%2Fes%2Flocation%2Frefugio-de-vida-silvestre-cano-negro%2F|title:Parque%20Nacional%20Volc%C3%A1n%20Arenal|\u00bb]Sea testigo de la diversidad de vida salvaje en Costa Rica con un safari en bote y observaci\u00f3n de aves en el Refugio de Vida Silvestre Ca\u00f1o Negro.[\/vc_cta][\/vc_column][\/vc_row][vc_row][vc_column][vc_empty_space height=\u00bb40&#8243;][\/vc_column][\/vc_row][vc_row][vc_column][vc_column_text]<\/p>\n<p class=\"p1\"><a href=\"https:\/\/bluepasshub.com\/es\/\">Costa Rica Expertos en Turismo<\/a><span class=\"s1\">\/ <a href=\"https:\/\/als.wikipedia.org\/wiki\/Costa_Rica\">Sobre Costa Rica<\/a><\/span><\/p>\n<p>[\/vc_column_text][\/vc_column][\/vc_row]<\/p>\n","protected":false},"excerpt":{"rendered":"<p>[vc_row][vc_column][vc_gmaps link=\u00bb#E-8_JTNDaWZyYW1lJTIwc3JjJTNEJTIyaHR0cHMlM0ElMkYlMkZ3d3cuZ29vZ2xlLmNvbSUyRm1hcHMlMkZkJTJGdSUyRjAlMkZlbWJlZCUzRm1pZCUzRDFFa0dwbjVWMnVKNVRYc1FaaHhzMlFqODdSSVhFdzFxaiUyNmFtcCUzQmVoYmMlM0QyRTMxMkYlMjIlMjB3aWR0aCUzRCUyMjEwMCUyNSUyMiUyMGhlaWdodCUzRCUyMjUwMCUyMiUyMGZyYW1lYm9yZGVyJTNEJTIyMCUyMiUyMHN0eWxlJTNEJTIyYm9yZGVyJTNBMCUzQiUyMG1hcmdpbi10b3AlM0ElMjAtNjVweCUyMiUzRSUzQyUyRmlmcmFtZSUzRQ==\u00bb][\/vc_column][\/vc_row][vc_row][vc_column width=\u00bb1\/6&#8243;][\/vc_column][vc_column width=\u00bb2\/3&#8243;][vc_column_text] Blue Pass cubre los mejores atractivos de Costa Rica, como el Volc\u00e1n Arenal y regiones cercanas: Rio Celeste y el Parque Nacional Tenorio y el Refugio de Vida Silvestre Ca\u00f1o Negro. Incluso se extiende a algunos de los paisajes m\u00e1s hermosos de Guanacaste, la afueras del Parque Nacional Palo Verde, la [&hellip;]<\/p>\n","protected":false},"author":2,"featured_media":0,"parent":0,"menu_order":0,"comment_status":"closed","ping_status":"closed","template":"page-blank.php","meta":{"footnotes":""},"class_list":["post-1838","page","type-page","status-publish","hentry"],"aioseo_notices":[],"_links":{"self":[{"href":"https:\/\/bluepasshub.com\/es\/wp-json\/wp\/v2\/pages\/1838","targetHints":{"allow":["GET"]}}],"collection":[{"href":"https:\/\/bluepasshub.com\/es\/wp-json\/wp\/v2\/pages"}],"about":[{"href":"https:\/\/bluepasshub.com\/es\/wp-json\/wp\/v2\/types\/page"}],"author":[{"embeddable":true,"href":"https:\/\/bluepasshub.com\/es\/wp-json\/wp\/v2\/users\/2"}],"replies":[{"embeddable":true,"href":"https:\/\/bluepasshub.com\/es\/wp-json\/wp\/v2\/comments?post=1838"}],"version-history":[{"count":5,"href":"https:\/\/bluepasshub.com\/es\/wp-json\/wp\/v2\/pages\/1838\/revisions"}],"predecessor-version":[{"id":1842,"href":"https:\/\/bluepasshub.com\/es\/wp-json\/wp\/v2\/pages\/1838\/revisions\/1842"}],"wp:attachment":[{"href":"https:\/\/bluepasshub.com\/es\/wp-json\/wp\/v2\/media?parent=1838"}],"curies":[{"name":"wp","href":"https:\/\/api.w.org\/{rel}","templated":true}]}}