{"id":3089,"date":"2024-01-10T15:58:13","date_gmt":"2024-01-10T21:58:13","guid":{"rendered":"https:\/\/bluepasshub.com\/sobre-blue-pass\/"},"modified":"2024-07-03T15:37:51","modified_gmt":"2024-07-03T21:37:51","slug":"sobre-blue-pass","status":"publish","type":"page","link":"https:\/\/bluepasshub.com\/es\/sobre-blue-pass\/","title":{"rendered":"Sobre Blue Pass"},"content":{"rendered":"\t\t<div data-elementor-type=\"wp-page\" data-elementor-id=\"3089\" class=\"elementor elementor-3089 elementor-1912\" data-elementor-post-type=\"page\">\n\t\t\t\t<div class=\"elementor-element elementor-element-9d639e7 e-flex e-con-boxed e-con e-parent\" data-id=\"9d639e7\" data-element_type=\"container\">\n\t\t\t\t\t<div class=\"e-con-inner\">\n\t\t\t\t<div class=\"elementor-element elementor-element-a89cc54 elementor-widget elementor-widget-heading\" data-id=\"a89cc54\" data-element_type=\"widget\" data-widget_type=\"heading.default\">\n\t\t\t\t<div class=\"elementor-widget-container\">\n\t\t\t\t\t<h1 class=\"elementor-heading-title elementor-size-default\">Sobre Blue Pass<\/h1>\t\t\t\t<\/div>\n\t\t\t\t<\/div>\n\t\t\t\t<div class=\"elementor-element elementor-element-fa751ec elementor-widget elementor-widget-image\" data-id=\"fa751ec\" data-element_type=\"widget\" data-widget_type=\"image.default\">\n\t\t\t\t<div class=\"elementor-widget-container\">\n\t\t\t\t\t\t\t\t\t\t\t\t\t\t\t<img fetchpriority=\"high\" decoding=\"async\" width=\"1353\" height=\"100\" src=\"https:\/\/bluepasshub.com\/wp-content\/uploads\/2022\/07\/Header-Texture.png\" class=\"attachment-full size-full wp-image-782\" alt=\"Header Texture\" srcset=\"https:\/\/bluepasshub.com\/wp-content\/uploads\/2022\/07\/Header-Texture.png 1353w, https:\/\/bluepasshub.com\/wp-content\/uploads\/2022\/07\/Header-Texture-300x22.png 300w, https:\/\/bluepasshub.com\/wp-content\/uploads\/2022\/07\/Header-Texture-1024x76.png 1024w, https:\/\/bluepasshub.com\/wp-content\/uploads\/2022\/07\/Header-Texture-768x57.png 768w, https:\/\/bluepasshub.com\/wp-content\/uploads\/2022\/07\/Header-Texture-600x44.png 600w\" sizes=\"(max-width: 1353px) 100vw, 1353px\" \/>\t\t\t\t\t\t\t\t\t\t\t\t\t\t\t<\/div>\n\t\t\t\t<\/div>\n\t\t\t\t\t<\/div>\n\t\t\t\t<\/div>\n\t\t<div class=\"elementor-element elementor-element-f4e90b6 e-flex e-con-boxed e-con e-parent\" data-id=\"f4e90b6\" data-element_type=\"container\">\n\t\t\t\t\t<div class=\"e-con-inner\">\n\t\t<div class=\"elementor-element elementor-element-e169bea e-con-full e-flex e-con e-child\" data-id=\"e169bea\" data-element_type=\"container\">\n\t\t\t\t<div class=\"elementor-element elementor-element-b603508 elementor-widget elementor-widget-heading\" data-id=\"b603508\" data-element_type=\"widget\" data-widget_type=\"heading.default\">\n\t\t\t\t<div class=\"elementor-widget-container\">\n\t\t\t\t\t<h2 class=\"elementor-heading-title elementor-size-default\">Un comienzo humilde<\/h2>\t\t\t\t<\/div>\n\t\t\t\t<\/div>\n\t\t\t\t<div class=\"elementor-element elementor-element-ab7aabe elementor-widget elementor-widget-text-editor\" data-id=\"ab7aabe\" data-element_type=\"widget\" data-widget_type=\"text-editor.default\">\n\t\t\t\t<div class=\"elementor-widget-container\">\n\t\t\t\t\t\t\t\t\t<p><span style=\"font-weight: 400;\">En Blue Pass, queremos que descubras la historia detr\u00e1s de nuestra empresa. Una historia que abarca m\u00e1s de tres d\u00e9cadas de pasi\u00f3n por la aventura y el turismo en Costa Rica. Somos mucho m\u00e1s que un operador tur\u00edstico en La Fortuna; somos una familia que logr\u00f3 el sue\u00f1o de compartir experiencias maravillosas con viajeros de todo el mundo.<\/span><\/p>\n<p><span style=\"font-weight: 400;\">Nuestra historia comienza en un momento en que La Fortuna era un lugar completamente diferente a lo que es hoy. Seis hermanos de la familia Salazar buscaban oportunidades para su futuro y se aventuraron en el negocio de la pesca deportiva y los paseos en bote en el Lago Arenal.<\/span><\/p>\n\t\t\t\t\t\t\t\t<\/div>\n\t\t\t\t<\/div>\n\t\t\t\t<\/div>\n\t\t<div class=\"elementor-element elementor-element-b7e1384 e-con-full e-flex e-con e-child\" data-id=\"b7e1384\" data-element_type=\"container\">\n\t\t\t\t<div class=\"elementor-element elementor-element-fb2920c elementor-widget elementor-widget-image\" data-id=\"fb2920c\" data-element_type=\"widget\" data-widget_type=\"image.default\">\n\t\t\t\t<div class=\"elementor-widget-container\">\n\t\t\t\t\t\t\t\t\t\t\t\t<figure class=\"wp-caption\">\n\t\t\t\t\t\t\t\t\t\t<img decoding=\"async\" width=\"600\" height=\"400\" src=\"https:\/\/bluepasshub.com\/wp-content\/uploads\/2023\/10\/fishing-Arenal-Lake-1990s.webp\" class=\"attachment-large size-large wp-image-1924\" alt=\"\" srcset=\"https:\/\/bluepasshub.com\/wp-content\/uploads\/2023\/10\/fishing-Arenal-Lake-1990s.webp 600w, https:\/\/bluepasshub.com\/wp-content\/uploads\/2023\/10\/fishing-Arenal-Lake-1990s-300x200.webp 300w\" sizes=\"(max-width: 600px) 100vw, 600px\" \/>\t\t\t\t\t\t\t\t\t\t\t<figcaption class=\"widget-image-caption wp-caption-text\">Un tour de pesca deportiva en el lago Arenal (inicios de 1990)<\/figcaption>\n\t\t\t\t\t\t\t\t\t\t<\/figure>\n\t\t\t\t\t\t\t\t\t<\/div>\n\t\t\t\t<\/div>\n\t\t\t\t<\/div>\n\t\t\t\t\t<\/div>\n\t\t\t\t<\/div>\n\t\t<div class=\"elementor-element elementor-element-c2ad066 e-flex e-con-boxed e-con e-parent\" data-id=\"c2ad066\" data-element_type=\"container\">\n\t\t\t\t\t<div class=\"e-con-inner\">\n\t\t<div class=\"elementor-element elementor-element-6297e35 e-con-full e-flex e-con e-child\" data-id=\"6297e35\" data-element_type=\"container\">\n\t\t\t\t<div class=\"elementor-element elementor-element-70ae3a0 elementor-widget elementor-widget-heading\" data-id=\"70ae3a0\" data-element_type=\"widget\" data-widget_type=\"heading.default\">\n\t\t\t\t<div class=\"elementor-widget-container\">\n\t\t\t\t\t<h2 class=\"elementor-heading-title elementor-size-default\">La exploraci\u00f3n de nuevos destinos<\/h2>\t\t\t\t<\/div>\n\t\t\t\t<\/div>\n\t\t\t\t<div class=\"elementor-element elementor-element-7cf0a92 elementor-widget elementor-widget-text-editor\" data-id=\"7cf0a92\" data-element_type=\"widget\" data-widget_type=\"text-editor.default\">\n\t\t\t\t<div class=\"elementor-widget-container\">\n\t\t\t\t\t\t\t\t\t<p>Un encuentro casual con el due\u00f1o de una importante agencia de viajes en ese momento, Cat Tours, marc\u00f3 un punto de inflexi\u00f3n. Este encuentro nos impuls\u00f3 a embarcarnos en una nueva aventura. Con determinaci\u00f3n y esfuerzo, construimos nuestros primeros botes y comenzamos operaciones en la pintoresca zona de Los Chiles, donde realizamos el tour que ha sido un emblema para nuestra empresa a lo largo de los a\u00f1os: el Tour en Bote por Ca\u00f1o Negro &#8211; R\u00edo Fr\u00edo.<\/p>\n<p>Este nuevo proyecto signific\u00f3 dejar atr\u00e1s nuestros planes agr\u00edcolas y sumergirnos completamente en la industria del turismo. Hicimos largos viajes en autob\u00fas para ofrecer experiencias inolvidables a los visitantes, desde caminatas por el volc\u00e1n hasta exploraciones en bote por el r\u00edo. A medida que el turismo en Fortuna ganaba impulso, Blue Pass Hub comenz\u00f3 a expandir sus operaciones, proporcionando transporte, gu\u00edas y almuerzos a los visitantes y ofreciendo experiencias memorables emblem\u00e1ticas de la regi\u00f3n.<\/p>\n\t\t\t\t\t\t\t\t<\/div>\n\t\t\t\t<\/div>\n\t\t\t\t<\/div>\n\t\t<div class=\"elementor-element elementor-element-b43a0c6 e-con-full e-flex e-con e-child\" data-id=\"b43a0c6\" data-element_type=\"container\">\n\t\t\t\t<div class=\"elementor-element elementor-element-0f86058 elementor-widget elementor-widget-image\" data-id=\"0f86058\" data-element_type=\"widget\" data-widget_type=\"image.default\">\n\t\t\t\t<div class=\"elementor-widget-container\">\n\t\t\t\t\t\t\t\t\t\t\t\t<figure class=\"wp-caption\">\n\t\t\t\t\t\t\t\t\t\t<img decoding=\"async\" width=\"600\" height=\"887\" src=\"https:\/\/bluepasshub.com\/wp-content\/uploads\/2023\/10\/boat-ride-cano-Negro.webp\" class=\"attachment-large size-large wp-image-1927\" alt=\"\" srcset=\"https:\/\/bluepasshub.com\/wp-content\/uploads\/2023\/10\/boat-ride-cano-Negro.webp 600w, https:\/\/bluepasshub.com\/wp-content\/uploads\/2023\/10\/boat-ride-cano-Negro-203x300.webp 203w\" sizes=\"(max-width: 600px) 100vw, 600px\" \/>\t\t\t\t\t\t\t\t\t\t\t<figcaption class=\"widget-image-caption wp-caption-text\">Filmaci\u00f3n de un video promocional (finales de 1990)<\/figcaption>\n\t\t\t\t\t\t\t\t\t\t<\/figure>\n\t\t\t\t\t\t\t\t\t<\/div>\n\t\t\t\t<\/div>\n\t\t\t\t<\/div>\n\t\t\t\t\t<\/div>\n\t\t\t\t<\/div>\n\t\t<div class=\"elementor-element elementor-element-9c97900 e-flex e-con-boxed e-con e-parent\" data-id=\"9c97900\" data-element_type=\"container\">\n\t\t\t\t\t<div class=\"e-con-inner\">\n\t\t<div class=\"elementor-element elementor-element-d0d01c4 e-con-full e-flex e-con e-child\" data-id=\"d0d01c4\" data-element_type=\"container\">\n\t\t\t\t<div class=\"elementor-element elementor-element-941c78b elementor-widget elementor-widget-heading\" data-id=\"941c78b\" data-element_type=\"widget\" data-widget_type=\"heading.default\">\n\t\t\t\t<div class=\"elementor-widget-container\">\n\t\t\t\t\t<h2 class=\"elementor-heading-title elementor-size-default\">Una historia de trabajo duro y perseverancia<\/h2>\t\t\t\t<\/div>\n\t\t\t\t<\/div>\n\t\t\t\t<div class=\"elementor-element elementor-element-d955c33 elementor-widget elementor-widget-text-editor\" data-id=\"d955c33\" data-element_type=\"widget\" data-widget_type=\"text-editor.default\">\n\t\t\t\t<div class=\"elementor-widget-container\">\n\t\t\t\t\t\t\t\t\t<p>Nuestra historia es una de determinaci\u00f3n, perseverancia y amor por la aventura. Nos enorgullece haber compartido esta pasi\u00f3n con innumerables viajeros y continuar haci\u00e9ndolo en el presente y en el futuro.<\/p>\n<p>En Blue Pass, nuestra visi\u00f3n es clara: continuar creciendo, innovando y ofreciendo experiencias \u00fanicas a nuestros clientes. Nuestro compromiso con la calidad, la satisfacci\u00f3n del cliente y la exploraci\u00f3n responsable del hermoso entorno natural de Costa Rica nos impulsa a ser l\u00edderes en nuestro campo.<\/p>\n<p>Te invitamos a ser parte de nuestra historia y unirte a nuestras emocionantes aventuras. Descubre por qu\u00e9 somos m\u00e1s que un operador tur\u00edstico; somos un equipo apasionado que se esfuerza por brindarte las mejores experiencias en Costa Rica. \u00a1Reserva tu aventura con Blue Pass Hub hoy y s\u00e9 parte de nuestra historia en constante evoluci\u00f3n!<\/p>\n\t\t\t\t\t\t\t\t<\/div>\n\t\t\t\t<\/div>\n\t\t\t\t<\/div>\n\t\t<div class=\"elementor-element elementor-element-322a61d e-con-full e-flex e-con e-child\" data-id=\"322a61d\" data-element_type=\"container\">\n\t\t\t\t<div class=\"elementor-element elementor-element-8cdaa6b elementor-widget elementor-widget-image\" data-id=\"8cdaa6b\" data-element_type=\"widget\" data-widget_type=\"image.default\">\n\t\t\t\t<div class=\"elementor-widget-container\">\n\t\t\t\t\t\t\t\t\t\t\t\t<figure class=\"wp-caption\">\n\t\t\t\t\t\t\t\t\t\t<img loading=\"lazy\" decoding=\"async\" width=\"850\" height=\"457\" src=\"https:\/\/bluepasshub.com\/wp-content\/uploads\/2024\/01\/IMG_8154v3-1024x550.webp\" class=\"attachment-large size-large wp-image-2456\" alt=\"Blue Pass Office La Fortuna\" srcset=\"https:\/\/bluepasshub.com\/wp-content\/uploads\/2024\/01\/IMG_8154v3-1024x550.webp 1024w, https:\/\/bluepasshub.com\/wp-content\/uploads\/2024\/01\/IMG_8154v3-300x161.webp 300w, https:\/\/bluepasshub.com\/wp-content\/uploads\/2024\/01\/IMG_8154v3-768x412.webp 768w, https:\/\/bluepasshub.com\/wp-content\/uploads\/2024\/01\/IMG_8154v3.webp 1438w\" sizes=\"(max-width: 850px) 100vw, 850px\" \/>\t\t\t\t\t\t\t\t\t\t\t<figcaption class=\"widget-image-caption wp-caption-text\">Oficinas de Blue Pass en La Fortuna (2024)<\/figcaption>\n\t\t\t\t\t\t\t\t\t\t<\/figure>\n\t\t\t\t\t\t\t\t\t<\/div>\n\t\t\t\t<\/div>\n\t\t\t\t<\/div>\n\t\t\t\t\t<\/div>\n\t\t\t\t<\/div>\n\t\t<div class=\"elementor-element elementor-element-b4bebfd e-flex e-con-boxed e-con e-parent\" data-id=\"b4bebfd\" data-element_type=\"container\">\n\t\t\t\t\t<div class=\"e-con-inner\">\n\t\t<div class=\"elementor-element elementor-element-eea8d3b e-con-full e-flex e-con e-child\" data-id=\"eea8d3b\" data-element_type=\"container\">\n\t\t\t\t<div class=\"elementor-element elementor-element-d358a95 elementor-widget elementor-widget-image\" data-id=\"d358a95\" data-element_type=\"widget\" data-widget_type=\"image.default\">\n\t\t\t\t<div class=\"elementor-widget-container\">\n\t\t\t\t\t\t\t\t\t\t\t\t\t\t\t<img loading=\"lazy\" decoding=\"async\" width=\"400\" height=\"102\" src=\"https:\/\/bluepasshub.com\/wp-content\/uploads\/2024\/06\/texture-small-card-2.webp\" class=\"attachment-full size-full wp-image-3004\" alt=\"\" srcset=\"https:\/\/bluepasshub.com\/wp-content\/uploads\/2024\/06\/texture-small-card-2.webp 400w, https:\/\/bluepasshub.com\/wp-content\/uploads\/2024\/06\/texture-small-card-2-300x77.webp 300w\" sizes=\"(max-width: 400px) 100vw, 400px\" \/>\t\t\t\t\t\t\t\t\t\t\t\t\t\t\t<\/div>\n\t\t\t\t<\/div>\n\t\t\t\t<\/div>\n\t\t<div class=\"elementor-element elementor-element-accb708 e-con-full e-flex e-con e-child\" data-id=\"accb708\" data-element_type=\"container\">\n\t\t\t\t<div class=\"elementor-element elementor-element-bedaf51 elementor-widget elementor-widget-heading\" data-id=\"bedaf51\" data-element_type=\"widget\" data-widget_type=\"heading.default\">\n\t\t\t\t<div class=\"elementor-widget-container\">\n\t\t\t\t\t<h2 class=\"elementor-heading-title elementor-size-default\">\u00bfQuieres ver actividades para hacer aqu\u00ed?<\/h2>\t\t\t\t<\/div>\n\t\t\t\t<\/div>\n\t\t\t\t<div class=\"elementor-element elementor-element-7b66573 elementor-align-center elementor-widget elementor-widget-button\" data-id=\"7b66573\" data-element_type=\"widget\" data-widget_type=\"button.default\">\n\t\t\t\t<div class=\"elementor-widget-container\">\n\t\t\t\t\t\t\t\t\t<div class=\"elementor-button-wrapper\">\n\t\t\t\t\t<a class=\"elementor-button elementor-button-link elementor-size-md\" href=\"https:\/\/bluepasshub.com\/es\/tours-actividades\/\">\n\t\t\t\t\t\t<span class=\"elementor-button-content-wrapper\">\n\t\t\t\t\t\t\t\t\t<span class=\"elementor-button-text\">Explorar Tours<\/span>\n\t\t\t\t\t<\/span>\n\t\t\t\t\t<\/a>\n\t\t\t\t<\/div>\n\t\t\t\t\t\t\t\t<\/div>\n\t\t\t\t<\/div>\n\t\t\t\t<\/div>\n\t\t\t\t\t<\/div>\n\t\t\t\t<\/div>\n\t\t<div class=\"elementor-element elementor-element-5ac1540 e-flex e-con-boxed e-con e-parent\" data-id=\"5ac1540\" data-element_type=\"container\">\n\t\t\t\t\t<div class=\"e-con-inner\">\n\t\t\t\t<div class=\"elementor-element elementor-element-a4a94b3 elementor-widget elementor-widget-spacer\" data-id=\"a4a94b3\" data-element_type=\"widget\" data-widget_type=\"spacer.default\">\n\t\t\t\t<div class=\"elementor-widget-container\">\n\t\t\t\t\t\t\t<div class=\"elementor-spacer\">\n\t\t\t<div class=\"elementor-spacer-inner\"><\/div>\n\t\t<\/div>\n\t\t\t\t\t\t<\/div>\n\t\t\t\t<\/div>\n\t\t\t\t\t<\/div>\n\t\t\t\t<\/div>\n\t\t\t\t<\/div>\n\t\t","protected":false},"excerpt":{"rendered":"<p>Sobre Blue Pass Un comienzo humilde En Blue Pass, queremos que descubras la historia detr\u00e1s de nuestra empresa. Una historia que abarca m\u00e1s de tres d\u00e9cadas de pasi\u00f3n por la aventura y el turismo en Costa Rica. Somos mucho m\u00e1s que un operador tur\u00edstico en La Fortuna; somos una familia que logr\u00f3 el sue\u00f1o de [&hellip;]<\/p>\n","protected":false},"author":2,"featured_media":0,"parent":0,"menu_order":0,"comment_status":"closed","ping_status":"closed","template":"","meta":{"footnotes":""},"class_list":["post-3089","page","type-page","status-publish","hentry"],"aioseo_notices":[],"_links":{"self":[{"href":"https:\/\/bluepasshub.com\/es\/wp-json\/wp\/v2\/pages\/3089","targetHints":{"allow":["GET"]}}],"collection":[{"href":"https:\/\/bluepasshub.com\/es\/wp-json\/wp\/v2\/pages"}],"about":[{"href":"https:\/\/bluepasshub.com\/es\/wp-json\/wp\/v2\/types\/page"}],"author":[{"embeddable":true,"href":"https:\/\/bluepasshub.com\/es\/wp-json\/wp\/v2\/users\/2"}],"replies":[{"embeddable":true,"href":"https:\/\/bluepasshub.com\/es\/wp-json\/wp\/v2\/comments?post=3089"}],"version-history":[{"count":2,"href":"https:\/\/bluepasshub.com\/es\/wp-json\/wp\/v2\/pages\/3089\/revisions"}],"predecessor-version":[{"id":3101,"href":"https:\/\/bluepasshub.com\/es\/wp-json\/wp\/v2\/pages\/3089\/revisions\/3101"}],"wp:attachment":[{"href":"https:\/\/bluepasshub.com\/es\/wp-json\/wp\/v2\/media?parent=3089"}],"curies":[{"name":"wp","href":"https:\/\/api.w.org\/{rel}","templated":true}]}}