{"id":4574,"date":"2025-07-17T11:57:24","date_gmt":"2025-07-17T17:57:24","guid":{"rendered":"https:\/\/bluepasshub.com\/contacto-blue-pass\/"},"modified":"2025-07-18T15:54:08","modified_gmt":"2025-07-18T21:54:08","slug":"contacto-blue-pass","status":"publish","type":"page","link":"https:\/\/bluepasshub.com\/es\/contacto-blue-pass\/","title":{"rendered":"Contacto Blue Pass"},"content":{"rendered":"\t\t<div data-elementor-type=\"wp-page\" data-elementor-id=\"4574\" class=\"elementor elementor-4574 elementor-4570\" data-elementor-post-type=\"page\">\n\t\t\t\t<div class=\"elementor-element elementor-element-799efaa e-flex e-con-boxed e-con e-parent\" data-id=\"799efaa\" data-element_type=\"container\">\n\t\t\t\t\t<div class=\"e-con-inner\">\n\t\t<div class=\"elementor-element elementor-element-3165843 e-con-full e-flex e-con e-child\" data-id=\"3165843\" data-element_type=\"container\">\n\t\t\t\t<div class=\"elementor-element elementor-element-08e7f77 elementor-widget elementor-widget-heading\" data-id=\"08e7f77\" data-element_type=\"widget\" data-widget_type=\"heading.default\">\n\t\t\t\t<div class=\"elementor-widget-container\">\n\t\t\t\t\t<h2 class=\"elementor-heading-title elementor-size-default\">\u00a1Planeemos tu aventura perfecta en Costa Rica!<\/h2>\t\t\t\t<\/div>\n\t\t\t\t<\/div>\n\t\t\t\t<div class=\"elementor-element elementor-element-c5f97f6 elementor-widget elementor-widget-text-editor\" data-id=\"c5f97f6\" data-element_type=\"widget\" data-widget_type=\"text-editor.default\">\n\t\t\t\t<div class=\"elementor-widget-container\">\n\t\t\t\t\t\t\t\t\t<p data-start=\"184\" data-end=\"450\">Ya sea que est\u00e9s so\u00f1ando con unas vacaciones en familia, una luna de miel rom\u00e1ntica o simplemente necesites ayuda para elegir las actividades adecuadas, estamos aqu\u00ed para facilitarte todo. Desde aventuras llenas de adrenalina hasta escapadas relajantes, la regi\u00f3n de Arenal lo tiene todo\u2014y te ayudaremos a encontrar lo que mejor se adapte a ti. <\/p><p data-start=\"452\" data-end=\"601\">\u00bfTienes preguntas? \u00bfBuscas consejos locales o recomendaciones personalizadas? <br data-start=\"523\" data-end=\"526\"><strong data-start=\"526\" data-end=\"601\">Ponte en contacto con nosotros\u2014estamos emocionados de ayudarte a crear un viaje inolvidable.<\/strong><\/p>\t\t\t\t\t\t\t\t<\/div>\n\t\t\t\t<\/div>\n\t\t\t\t<div class=\"elementor-element elementor-element-049a860 elementor-widget elementor-widget-button\" data-id=\"049a860\" data-element_type=\"widget\" data-widget_type=\"button.default\">\n\t\t\t\t<div class=\"elementor-widget-container\">\n\t\t\t\t\t\t\t\t\t<div class=\"elementor-button-wrapper\">\n\t\t\t\t\t<a class=\"elementor-button elementor-button-link elementor-size-sm\" href=\"tel:+18007062752\">\n\t\t\t\t\t\t<span class=\"elementor-button-content-wrapper\">\n\t\t\t\t\t\t<span class=\"elementor-button-icon\">\n\t\t\t\t<i aria-hidden=\"true\" class=\"fas fa-phone-alt\"><\/i>\t\t\t<\/span>\n\t\t\t\t\t\t\t\t\t<span class=\"elementor-button-text\">Llamada gratuita (Norteamerica)<\/span>\n\t\t\t\t\t<\/span>\n\t\t\t\t\t<\/a>\n\t\t\t\t<\/div>\n\t\t\t\t\t\t\t\t<\/div>\n\t\t\t\t<\/div>\n\t\t\t\t<\/div>\n\t\t<div class=\"elementor-element elementor-element-ed4c4bd e-con-full e-flex e-con e-child\" data-id=\"ed4c4bd\" data-element_type=\"container\">\n\t\t\t\t<div class=\"elementor-element elementor-element-f2d90b7 elementor-widget elementor-widget-image\" data-id=\"f2d90b7\" data-element_type=\"widget\" data-widget_type=\"image.default\">\n\t\t\t\t<div class=\"elementor-widget-container\">\n\t\t\t\t\t\t\t\t\t\t\t\t\t\t\t<img fetchpriority=\"high\" decoding=\"async\" width=\"850\" height=\"563\" src=\"https:\/\/bluepasshub.com\/wp-content\/uploads\/2025\/07\/Blue-Pass-Staff-1024x678.webp\" class=\"attachment-large size-large wp-image-4547\" alt=\"\" srcset=\"https:\/\/bluepasshub.com\/wp-content\/uploads\/2025\/07\/Blue-Pass-Staff-1024x678.webp 1024w, https:\/\/bluepasshub.com\/wp-content\/uploads\/2025\/07\/Blue-Pass-Staff-300x199.webp 300w, https:\/\/bluepasshub.com\/wp-content\/uploads\/2025\/07\/Blue-Pass-Staff-768x508.webp 768w, https:\/\/bluepasshub.com\/wp-content\/uploads\/2025\/07\/Blue-Pass-Staff.webp 1200w\" sizes=\"(max-width: 850px) 100vw, 850px\" \/>\t\t\t\t\t\t\t\t\t\t\t\t\t\t\t<\/div>\n\t\t\t\t<\/div>\n\t\t\t\t<\/div>\n\t\t\t\t\t<\/div>\n\t\t\t\t<\/div>\n\t\t<div class=\"elementor-element elementor-element-dbeea58 e-flex e-con-boxed e-con e-parent\" data-id=\"dbeea58\" data-element_type=\"container\">\n\t\t\t\t\t<div class=\"e-con-inner\">\n\t\t\t\t<div class=\"elementor-element elementor-element-6794d8b elementor-widget elementor-widget-spacer\" data-id=\"6794d8b\" data-element_type=\"widget\" data-widget_type=\"spacer.default\">\n\t\t\t\t<div class=\"elementor-widget-container\">\n\t\t\t\t\t\t\t<div class=\"elementor-spacer\">\n\t\t\t<div class=\"elementor-spacer-inner\"><\/div>\n\t\t<\/div>\n\t\t\t\t\t\t<\/div>\n\t\t\t\t<\/div>\n\t\t\t\t\t<\/div>\n\t\t\t\t<\/div>\n\t\t<div class=\"elementor-element elementor-element-4f5aac4 e-flex e-con-boxed e-con e-parent\" data-id=\"4f5aac4\" data-element_type=\"container\">\n\t\t\t\t\t<div class=\"e-con-inner\">\n\t\t<div class=\"elementor-element elementor-element-83705e2 e-con-full e-flex e-con e-child\" data-id=\"83705e2\" data-element_type=\"container\">\n\t\t\t\t<div class=\"elementor-element elementor-element-ea6abb2 elementor-widget elementor-widget-heading\" data-id=\"ea6abb2\" data-element_type=\"widget\" data-widget_type=\"heading.default\">\n\t\t\t\t<div class=\"elementor-widget-container\">\n\t\t\t\t\t<h2 class=\"elementor-heading-title elementor-size-default\">\u00bfTe gustar\u00eda que te sugiri\u00e9ramos un itinerario de actividades para tu pr\u00f3ximo viaje?<\/h2>\t\t\t\t<\/div>\n\t\t\t\t<\/div>\n\t\t\t\t<div class=\"elementor-element elementor-element-2e851ef elementor-widget elementor-widget-text-editor\" data-id=\"2e851ef\" data-element_type=\"widget\" data-widget_type=\"text-editor.default\">\n\t\t\t\t<div class=\"elementor-widget-container\">\n\t\t\t\t\t\t\t\t\t<p>T\u00f3mate un minuto para completar los datos b\u00e1sicos de tu pr\u00f3ximo viaje, \u00a1as\u00ed podremos entender mejor qu\u00e9 es lo que m\u00e1s se adapta a ti!<\/p>\t\t\t\t\t\t\t\t<\/div>\n\t\t\t\t<\/div>\n\t\t\t\t<div class=\"elementor-element elementor-element-676906b elementor-widget elementor-widget-wpforms\" data-id=\"676906b\" data-element_type=\"widget\" data-widget_type=\"wpforms.default\">\n\t\t\t\t<div class=\"elementor-widget-container\">\n\t\t\t\t\t<style id=\"wpforms-css-vars-elementor-widget-676906b\">\n\t\t\t\t.elementor-widget-wpforms.elementor-element-676906b {\n\t\t\t\t--wpforms-field-size-input-height: 43px;\n--wpforms-field-size-input-spacing: 15px;\n--wpforms-field-size-font-size: 16px;\n--wpforms-field-size-line-height: 19px;\n--wpforms-field-size-padding-h: 14px;\n--wpforms-field-size-checkbox-size: 16px;\n--wpforms-field-size-sublabel-spacing: 5px;\n--wpforms-field-size-icon-size: 1;\n--wpforms-label-size-font-size: 16px;\n--wpforms-label-size-line-height: 19px;\n--wpforms-label-size-sublabel-font-size: 14px;\n--wpforms-label-size-sublabel-line-height: 17px;\n--wpforms-button-size-font-size: 17px;\n--wpforms-button-size-height: 41px;\n--wpforms-button-size-padding-h: 15px;\n--wpforms-button-size-margin-top: 10px;\n\n\t\t\t}\n\t\t\t<\/style><div class=\"wpforms-container wpforms-container-full wpforms-render-modern\" id=\"wpforms-4585\"><form id=\"wpforms-form-4585\" class=\"wpforms-validate wpforms-form wpforms-ajax-form\" data-formid=\"4585\" method=\"post\" enctype=\"multipart\/form-data\" action=\"\/es\/wp-json\/wp\/v2\/pages\/4574\" data-token=\"de2cd991cba2917cb15f2250d016ce44\" data-token-time=\"1775479750\"><noscript class=\"wpforms-error-noscript\">Por favor, activa JavaScript en tu navegador para completar este formulario.<\/noscript><div class=\"wpforms-hidden\" id=\"wpforms-error-noscript\">Por favor, activa JavaScript en tu navegador para completar este formulario.<\/div><div class=\"wpforms-field-container\"><div id=\"wpforms-4585-field_4-container\" class=\"wpforms-field wpforms-field-name\" data-field-id=\"4\"><fieldset><legend class=\"wpforms-field-label\">Nombre <span class=\"wpforms-required-label\" aria-hidden=\"true\">*<\/span><\/legend><div class=\"wpforms-field-row wpforms-field-medium\"><div class=\"wpforms-field-row-block wpforms-first wpforms-one-half\"><input type=\"text\" id=\"wpforms-4585-field_4\" class=\"wpforms-field-name-first wpforms-field-required\" name=\"wpforms[fields][4][first]\" aria-errormessage=\"wpforms-4585-field_4-error\" required><label for=\"wpforms-4585-field_4\" class=\"wpforms-field-sublabel after\">Nombre<\/label><\/div><div class=\"wpforms-field-row-block wpforms-one-half\"><input type=\"text\" id=\"wpforms-4585-field_4-last\" class=\"wpforms-field-name-last wpforms-field-required\" name=\"wpforms[fields][4][last]\" aria-errormessage=\"wpforms-4585-field_4-last-error\" required><label for=\"wpforms-4585-field_4-last\" class=\"wpforms-field-sublabel after\">Apellidos<\/label><\/div><\/div><\/fieldset><\/div><div id=\"wpforms-4585-field_5-container\" class=\"wpforms-field wpforms-field-email\" data-field-id=\"5\"><label class=\"wpforms-field-label\" for=\"wpforms-4585-field_5\">Email <span class=\"wpforms-required-label\" aria-hidden=\"true\">*<\/span><\/label><input type=\"email\" id=\"wpforms-4585-field_5\" class=\"wpforms-field-medium wpforms-field-required\" name=\"wpforms[fields][5]\" spellcheck=\"false\" aria-errormessage=\"wpforms-4585-field_5-error\" required><\/div><div id=\"wpforms-4585-field_11-container\" class=\"wpforms-field wpforms-field-number\" data-field-id=\"11\"><label class=\"wpforms-field-label\" for=\"wpforms-4585-field_11\">Cuantas personas viajan?<\/label><input type=\"number\" id=\"wpforms-4585-field_11\" class=\"wpforms-field-small\" name=\"wpforms[fields][11]\" step=\"any\" aria-errormessage=\"wpforms-4585-field_11-error\" ><\/div><div id=\"wpforms-4585-field_12-container\" class=\"wpforms-field wpforms-field-radio wpforms-list-2-columns\" data-field-id=\"12\"><fieldset><legend class=\"wpforms-field-label\">Cuales categorias describen mejor su viaje?<\/legend><ul id=\"wpforms-4585-field_12\"><li class=\"choice-1 depth-1\"><input type=\"radio\" id=\"wpforms-4585-field_12_1\" name=\"wpforms[fields][12]\" value=\"Viajeros de edad avanzada\" aria-errormessage=\"wpforms-4585-field_12_1-error\"  ><label class=\"wpforms-field-label-inline\" for=\"wpforms-4585-field_12_1\">Viajeros de edad avanzada<\/label><\/li><li class=\"choice-2 depth-1\"><input type=\"radio\" id=\"wpforms-4585-field_12_2\" name=\"wpforms[fields][12]\" value=\"Familia con ni\u00f1os\" aria-errormessage=\"wpforms-4585-field_12_2-error\"  ><label class=\"wpforms-field-label-inline\" for=\"wpforms-4585-field_12_2\">Familia con ni\u00f1os<\/label><\/li><li class=\"choice-3 depth-1\"><input type=\"radio\" id=\"wpforms-4585-field_12_3\" name=\"wpforms[fields][12]\" value=\"Reci\u00e9n casados\" aria-errormessage=\"wpforms-4585-field_12_3-error\"  ><label class=\"wpforms-field-label-inline\" for=\"wpforms-4585-field_12_3\">Reci\u00e9n casados<\/label><\/li><li class=\"choice-4 depth-1\"><input type=\"radio\" id=\"wpforms-4585-field_12_4\" name=\"wpforms[fields][12]\" value=\"Amantes de la adrenalina\" aria-errormessage=\"wpforms-4585-field_12_4-error\"  ><label class=\"wpforms-field-label-inline\" for=\"wpforms-4585-field_12_4\">Amantes de la adrenalina<\/label><\/li><li class=\"choice-5 depth-1\"><input type=\"radio\" id=\"wpforms-4585-field_12_5\" name=\"wpforms[fields][12]\" value=\"Amantes de la naturaleza\" aria-errormessage=\"wpforms-4585-field_12_5-error\"  ><label class=\"wpforms-field-label-inline\" for=\"wpforms-4585-field_12_5\">Amantes de la naturaleza<\/label><\/li><li class=\"choice-6 depth-1\"><input type=\"radio\" id=\"wpforms-4585-field_12_6\" name=\"wpforms[fields][12]\" value=\"Enfocados en relajarse\" aria-errormessage=\"wpforms-4585-field_12_6-error\"  ><label class=\"wpforms-field-label-inline\" for=\"wpforms-4585-field_12_6\">Enfocados en relajarse<\/label><\/li><li class=\"choice-7 depth-1\"><input type=\"radio\" id=\"wpforms-4585-field_12_7\" name=\"wpforms[fields][12]\" value=\"Mobilidad reducida\" aria-errormessage=\"wpforms-4585-field_12_7-error\"  ><label class=\"wpforms-field-label-inline\" for=\"wpforms-4585-field_12_7\">Mobilidad reducida<\/label><\/li><\/ul><\/fieldset><\/div><div id=\"wpforms-4585-field_8-container\" class=\"wpforms-field wpforms-field-number-slider\" data-field-id=\"8\"><label class=\"wpforms-field-label\" for=\"wpforms-4585-field_8\">D\u00edas de estad\u00eda en La Fortuna<\/label>\n<input\n\ttype=\"range\"\n\tid=\"wpforms-4585-field_8\" class=\"wpforms-field-small\" name=\"wpforms[fields][8]\" value=\"1\" aria-errormessage=\"wpforms-4585-field_8-error\"\t\tmin=\"1\"\n\tmax=\"10\"\n\tstep=\"1\">\n\n<div class=\"wpforms-field-number-slider-hint\"\n\tdata-hint=\"Cantidad de d\u00edas: {value}\">\n\tCantidad de d\u00edas: <b>1<\/b><\/div>\n<\/div><div id=\"wpforms-4585-field_7-container\" class=\"wpforms-field wpforms-field-radio\" data-field-id=\"7\"><fieldset><legend class=\"wpforms-field-label\">What kind of activities are you interested in?<\/legend><ul id=\"wpforms-4585-field_7\"><li class=\"choice-3 depth-1\"><input type=\"radio\" id=\"wpforms-4585-field_7_3\" name=\"wpforms[fields][7]\" value=\"Caminatas Naturalistas\" aria-errormessage=\"wpforms-4585-field_7_3-error\"  ><label class=\"wpforms-field-label-inline\" for=\"wpforms-4585-field_7_3\">Caminatas Naturalistas<\/label><\/li><li class=\"choice-4 depth-1\"><input type=\"radio\" id=\"wpforms-4585-field_7_4\" name=\"wpforms[fields][7]\" value=\"Safaris y Paseos en Bote\" aria-errormessage=\"wpforms-4585-field_7_4-error\"  ><label class=\"wpforms-field-label-inline\" for=\"wpforms-4585-field_7_4\">Safaris y Paseos en Bote<\/label><\/li><li class=\"choice-5 depth-1\"><input type=\"radio\" id=\"wpforms-4585-field_7_5\" name=\"wpforms[fields][7]\" value=\"Kayaking\" aria-errormessage=\"wpforms-4585-field_7_5-error\"  ><label class=\"wpforms-field-label-inline\" for=\"wpforms-4585-field_7_5\">Kayaking<\/label><\/li><li class=\"choice-1 depth-1\"><input type=\"radio\" id=\"wpforms-4585-field_7_1\" name=\"wpforms[fields][7]\" value=\"Tirolesas\" aria-errormessage=\"wpforms-4585-field_7_1-error\"  ><label class=\"wpforms-field-label-inline\" for=\"wpforms-4585-field_7_1\">Tirolesas<\/label><\/li><li class=\"choice-2 depth-1\"><input type=\"radio\" id=\"wpforms-4585-field_7_2\" name=\"wpforms[fields][7]\" value=\"Rafting\" aria-errormessage=\"wpforms-4585-field_7_2-error\"  ><label class=\"wpforms-field-label-inline\" for=\"wpforms-4585-field_7_2\">Rafting<\/label><\/li><li class=\"choice-6 depth-1\"><input type=\"radio\" id=\"wpforms-4585-field_7_6\" name=\"wpforms[fields][7]\" value=\"Tours de Chocolate\" aria-errormessage=\"wpforms-4585-field_7_6-error\"  ><label class=\"wpforms-field-label-inline\" for=\"wpforms-4585-field_7_6\">Tours de Chocolate<\/label><\/li><li class=\"choice-7 depth-1\"><input type=\"radio\" id=\"wpforms-4585-field_7_7\" name=\"wpforms[fields][7]\" value=\"Aguas Termales\" aria-errormessage=\"wpforms-4585-field_7_7-error\"  ><label class=\"wpforms-field-label-inline\" for=\"wpforms-4585-field_7_7\">Aguas Termales<\/label><\/li><li class=\"choice-8 depth-1\"><input type=\"radio\" id=\"wpforms-4585-field_7_8\" name=\"wpforms[fields][7]\" value=\"Otros\" aria-errormessage=\"wpforms-4585-field_7_8-error\"  ><label class=\"wpforms-field-label-inline\" for=\"wpforms-4585-field_7_8\">Otros<\/label><\/li><\/ul><\/fieldset><\/div><div id=\"wpforms-4585-field_9-container\" class=\"wpforms-field wpforms-field-textarea\" data-field-id=\"9\"><label class=\"wpforms-field-label\" for=\"wpforms-4585-field_9\">Qu\u00e9 otras actividades le interesar\u00eda realizar?<\/label><textarea id=\"wpforms-4585-field_9\" class=\"wpforms-field-medium\" name=\"wpforms[fields][9]\" aria-errormessage=\"wpforms-4585-field_9-error\" ><\/textarea><\/div><div id=\"wpforms-4585-field_6-container\" class=\"wpforms-field wpforms-field-number-slider\" data-field-id=\"6\"><label class=\"wpforms-field-label\" for=\"wpforms-4585-field_6\">Presupuesto para actividades<\/label>\n<input\n\ttype=\"range\"\n\tid=\"wpforms-4585-field_6\" class=\"wpforms-field-medium\" name=\"wpforms[fields][6]\" value=\"100\" aria-errormessage=\"wpforms-4585-field_6-error\"\t\tmin=\"100\"\n\tmax=\"10000\"\n\tstep=\"10\">\n\n<div class=\"wpforms-field-number-slider-hint\"\n\tdata-hint=\"Mi presupuesto es de: {value}\">\n\tMi presupuesto es de: <b>100<\/b><\/div>\n<\/div><div id=\"wpforms-4585-field_15-container\" class=\"wpforms-field wpforms-field-radio\" data-field-id=\"15\"><fieldset><legend class=\"wpforms-field-label\">Mi presupuesto est\u00e1 en:<\/legend><ul id=\"wpforms-4585-field_15\"><li class=\"choice-3 depth-1\"><input type=\"radio\" id=\"wpforms-4585-field_15_3\" name=\"wpforms[fields][15]\" value=\"EUR - Euros\" aria-errormessage=\"wpforms-4585-field_15_3-error\"  ><label class=\"wpforms-field-label-inline\" for=\"wpforms-4585-field_15_3\">EUR - Euros<\/label><\/li><li class=\"choice-2 depth-1\"><input type=\"radio\" id=\"wpforms-4585-field_15_2\" name=\"wpforms[fields][15]\" value=\"USD - D\u00f3lares Americanos\" aria-errormessage=\"wpforms-4585-field_15_2-error\"  ><label class=\"wpforms-field-label-inline\" for=\"wpforms-4585-field_15_2\">USD - D\u00f3lares Americanos<\/label><\/li><\/ul><\/fieldset><\/div><div id=\"wpforms-4585-field_13-container\" class=\"wpforms-field wpforms-field-textarea\" data-field-id=\"13\"><label class=\"wpforms-field-label\" for=\"wpforms-4585-field_13\">Qu\u00e9 otros intereses o consideraciones importantes le gustar\u00eda que tomemos en cuenta?<\/label><textarea id=\"wpforms-4585-field_13\" class=\"wpforms-field-medium\" name=\"wpforms[fields][13]\" aria-errormessage=\"wpforms-4585-field_13-error\" ><\/textarea><\/div><\/div><!-- .wpforms-field-container --><div class=\"wpforms-submit-container\" ><input type=\"hidden\" name=\"wpforms[id]\" value=\"4585\"><input type=\"hidden\" name=\"page_title\" value=\"\"><input type=\"hidden\" name=\"page_url\" value=\"https:\/\/bluepasshub.com\/es\/wp-json\/wp\/v2\/pages\/4574\"><input type=\"hidden\" name=\"url_referer\" value=\"\"><button type=\"submit\" name=\"wpforms[submit]\" id=\"wpforms-submit-4585\" class=\"wpforms-submit\" data-alt-text=\"Enviando...\" data-submit-text=\"Enviar\" aria-live=\"assertive\" value=\"wpforms-submit\">Enviar<\/button><img decoding=\"async\" src=\"https:\/\/bluepasshub.com\/wp-content\/plugins\/wpforms-lite\/assets\/images\/submit-spin.svg\" class=\"wpforms-submit-spinner\" style=\"display: none;\" width=\"26\" height=\"26\" alt=\"Cargando\"><\/div><\/form><\/div>  <!-- .wpforms-container -->\t\t\t\t<\/div>\n\t\t\t\t<\/div>\n\t\t\t\t<\/div>\n\t\t<div class=\"elementor-element elementor-element-54ac1db e-con-full e-flex e-con e-child\" data-id=\"54ac1db\" data-element_type=\"container\">\n\t\t\t\t<div class=\"elementor-element elementor-element-a9172fd elementor-widget elementor-widget-heading\" data-id=\"a9172fd\" data-element_type=\"widget\" data-widget_type=\"heading.default\">\n\t\t\t\t<div class=\"elementor-widget-container\">\n\t\t\t\t\t<h2 class=\"elementor-heading-title elementor-size-default\">Ubicaci\u00f3n de nuestras oficinas<\/h2>\t\t\t\t<\/div>\n\t\t\t\t<\/div>\n\t\t\t\t<div class=\"elementor-element elementor-element-9a2e116 elementor-widget elementor-widget-google_maps\" data-id=\"9a2e116\" data-element_type=\"widget\" data-widget_type=\"google_maps.default\">\n\t\t\t\t<div class=\"elementor-widget-container\">\n\t\t\t\t\t\t\t<div class=\"elementor-custom-embed\">\n\t\t\t<iframe loading=\"lazy\"\n\t\t\t\t\tsrc=\"https:\/\/maps.google.com\/maps?q=Blue%20Pass%20La%20Fortuna&#038;t=m&#038;z=15&#038;output=embed&#038;iwloc=near\"\n\t\t\t\t\ttitle=\"Blue Pass La Fortuna\"\n\t\t\t\t\taria-label=\"Blue Pass La Fortuna\"\n\t\t\t><\/iframe>\n\t\t<\/div>\n\t\t\t\t\t\t<\/div>\n\t\t\t\t<\/div>\n\t\t\t\t<\/div>\n\t\t\t\t\t<\/div>\n\t\t\t\t<\/div>\n\t\t\t\t<\/div>\n\t\t","protected":false},"excerpt":{"rendered":"<p>\u00a1Planeemos tu aventura perfecta en Costa Rica! Ya sea que est\u00e9s so\u00f1ando con unas vacaciones en familia, una luna de miel rom\u00e1ntica o simplemente necesites ayuda para elegir las actividades adecuadas, estamos aqu\u00ed para facilitarte todo. Desde aventuras llenas de adrenalina hasta escapadas relajantes, la regi\u00f3n de Arenal lo tiene todo\u2014y te ayudaremos a encontrar [&hellip;]<\/p>\n","protected":false},"author":2,"featured_media":0,"parent":0,"menu_order":0,"comment_status":"closed","ping_status":"closed","template":"","meta":{"footnotes":""},"class_list":["post-4574","page","type-page","status-publish","hentry"],"aioseo_notices":[],"_links":{"self":[{"href":"https:\/\/bluepasshub.com\/es\/wp-json\/wp\/v2\/pages\/4574","targetHints":{"allow":["GET"]}}],"collection":[{"href":"https:\/\/bluepasshub.com\/es\/wp-json\/wp\/v2\/pages"}],"about":[{"href":"https:\/\/bluepasshub.com\/es\/wp-json\/wp\/v2\/types\/page"}],"author":[{"embeddable":true,"href":"https:\/\/bluepasshub.com\/es\/wp-json\/wp\/v2\/users\/2"}],"replies":[{"embeddable":true,"href":"https:\/\/bluepasshub.com\/es\/wp-json\/wp\/v2\/comments?post=4574"}],"version-history":[{"count":4,"href":"https:\/\/bluepasshub.com\/es\/wp-json\/wp\/v2\/pages\/4574\/revisions"}],"predecessor-version":[{"id":4592,"href":"https:\/\/bluepasshub.com\/es\/wp-json\/wp\/v2\/pages\/4574\/revisions\/4592"}],"wp:attachment":[{"href":"https:\/\/bluepasshub.com\/es\/wp-json\/wp\/v2\/media?parent=4574"}],"curies":[{"name":"wp","href":"https:\/\/api.w.org\/{rel}","templated":true}]}}