{"id":789,"date":"2022-08-29T18:32:05","date_gmt":"2022-08-30T00:32:05","guid":{"rendered":"https:\/\/bluepasshub.com\/aventura-lago-arenal\/"},"modified":"2023-04-17T10:44:35","modified_gmt":"2023-04-17T16:44:35","slug":"aventura-lago-arenal","status":"publish","type":"page","link":"https:\/\/bluepasshub.com\/es\/aventura-lago-arenal\/","title":{"rendered":"Aventura Lago Arenal"},"content":{"rendered":"<p>[vc_row][vc_column]\n\t\t\t<!-- START Arenal Lake Adventure Espa\u00f1ol REVOLUTION SLIDER 6.5.24 --><p class=\"rs-p-wp-fix\"><\/p>\n\t\t\t<rs-module-wrap id=\"rev_slider_5_1_wrapper\" data-source=\"gallery\" style=\"visibility:hidden;background:transparent;padding:0;margin:0px auto;margin-top:0;margin-bottom:0;\">\n\t\t\t\t<rs-module id=\"rev_slider_5_1\" style=\"\" data-version=\"6.5.24\">\n\t\t\t\t\t<rs-slides>\n\t\t\t\t\t\t<rs-slide style=\"position: absolute;\" data-key=\"rs-20\" data-title=\"Slide\" data-thumb=\"\/\/bluepasshub.com\/wp-content\/uploads\/2022\/08\/Penisnula3-50x100.jpg\" data-duration=\"4500ms\" data-in=\"o:0;\" data-out=\"a:false;\">\n\t\t\t\t\t\t\t<img fetchpriority=\"high\" decoding=\"async\" src=\"\/\/bluepasshub.com\/wp-content\/plugins\/revslider\/public\/assets\/assets\/dummy.png\" alt=\"Penisnula3\" title=\"Penisnula3\" width=\"1500\" height=\"1005\" class=\"rev-slidebg tp-rs-img rs-lazyload\" data-lazyload=\"\/\/bluepasshub.com\/wp-content\/uploads\/2022\/08\/Penisnula3.jpg\" data-no-retina>\n<!--\n\t\t\t\t\t\t\t--><rs-layer\n\t\t\t\t\t\t\t\tid=\"slider-5-slide-20-layer-0\" \n\t\t\t\t\t\t\t\tdata-type=\"text\"\n\t\t\t\t\t\t\t\tdata-color=\"#ffffff\"\n\t\t\t\t\t\t\t\tdata-rsp_ch=\"on\"\n\t\t\t\t\t\t\t\tdata-xy=\"x:75px;y:595px;\"\n\t\t\t\t\t\t\t\tdata-text=\"w:normal;s:25;l:33;fw:500;\"\n\t\t\t\t\t\t\t\tdata-dim=\"w:433;h:100;\"\n\t\t\t\t\t\t\t\tdata-frame_0=\"x:-50;y:27px;\"\n\t\t\t\t\t\t\t\tdata-frame_1=\"st:800;sp:1000;sR:830;\"\n\t\t\t\t\t\t\t\tdata-frame_999=\"o:0;st:w;sR:1670;\"\n\t\t\t\t\t\t\t\tstyle=\"z-index:5;font-family:'Spartan';\"\n\t\t\t\t\t\t\t>Ac\u00e9rcate y vive en persona toda la belleza del Lago Arenal y su paisaje. \n\t\t\t\t\t\t\t<\/rs-layer><!--\n-->\t\t\t\t\t\t<\/rs-slide>\n\t\t\t\t\t\t<rs-slide style=\"position: absolute;\" data-key=\"rs-23\" data-title=\"Slide\" data-thumb=\"\/\/bluepasshub.com\/wp-content\/uploads\/2022\/07\/Join-Us-Paddle-Board-1-50x100.jpg\" data-duration=\"4500ms\" data-in=\"o:0;\" data-out=\"a:false;\">\n\t\t\t\t\t\t\t<img decoding=\"async\" src=\"\/\/bluepasshub.com\/wp-content\/plugins\/revslider\/public\/assets\/assets\/dummy.png\" alt=\"Join Us Paddle Board 1\" title=\"Join Us Paddle Board\" width=\"1200\" height=\"667\" class=\"rev-slidebg tp-rs-img rs-lazyload\" data-lazyload=\"\/\/bluepasshub.com\/wp-content\/uploads\/2022\/07\/Join-Us-Paddle-Board-1.jpg\" data-no-retina>\n<!--\n\t\t\t\t\t\t\t--><rs-layer\n\t\t\t\t\t\t\t\tid=\"slider-5-slide-23-layer-1\" \n\t\t\t\t\t\t\t\tdata-type=\"text\"\n\t\t\t\t\t\t\t\tdata-color=\"#ffffff\"\n\t\t\t\t\t\t\t\tdata-rsp_ch=\"on\"\n\t\t\t\t\t\t\t\tdata-xy=\"x:60px;y:633px;\"\n\t\t\t\t\t\t\t\tdata-text=\"w:normal;s:25;l:33;fw:500;\"\n\t\t\t\t\t\t\t\tdata-dim=\"w:402px;\"\n\t\t\t\t\t\t\t\tdata-frame_0=\"x:50;\"\n\t\t\t\t\t\t\t\tdata-frame_1=\"st:800;sp:1000;sR:800;\"\n\t\t\t\t\t\t\t\tdata-frame_999=\"o:0;st:w;sR:2200;\"\n\t\t\t\t\t\t\t\tstyle=\"z-index:5;font-family:'Spartan';\"\n\t\t\t\t\t\t\t>Pon a prueba tu equilibrio y rema por el lago de la forma m\u00e1s divertida. \n\t\t\t\t\t\t\t<\/rs-layer><!--\n-->\t\t\t\t\t\t<\/rs-slide>\n\t\t\t\t\t\t<rs-slide style=\"position: absolute;\" data-key=\"rs-22\" data-title=\"Slide\" data-thumb=\"\/\/bluepasshub.com\/wp-content\/uploads\/2022\/08\/Kayaking-Blue-Pass-Arenal-Lake-50x100.jpg\" data-duration=\"4500ms\" data-in=\"o:0;\" data-out=\"a:false;\">\n\t\t\t\t\t\t\t<img decoding=\"async\" src=\"\/\/bluepasshub.com\/wp-content\/plugins\/revslider\/public\/assets\/assets\/dummy.png\" alt=\"Kayaking Blue Pass Arenal Lake\" title=\"Kayaking Blue Pass Arenal Lake\" width=\"1800\" height=\"1199\" class=\"rev-slidebg tp-rs-img rs-lazyload\" data-lazyload=\"\/\/bluepasshub.com\/wp-content\/uploads\/2022\/08\/Kayaking-Blue-Pass-Arenal-Lake.jpg\" data-no-retina>\n<!--\n\t\t\t\t\t\t\t--><rs-layer\n\t\t\t\t\t\t\t\tid=\"slider-5-slide-22-layer-3\" \n\t\t\t\t\t\t\t\tdata-type=\"text\"\n\t\t\t\t\t\t\t\tdata-color=\"#ffffff\"\n\t\t\t\t\t\t\t\tdata-rsp_ch=\"on\"\n\t\t\t\t\t\t\t\tdata-xy=\"x:110px;y:623px;\"\n\t\t\t\t\t\t\t\tdata-text=\"w:normal;s:25;l:33;fw:500;\"\n\t\t\t\t\t\t\t\tdata-dim=\"w:386px;h:132px;\"\n\t\t\t\t\t\t\t\tdata-frame_0=\"y:50;\"\n\t\t\t\t\t\t\t\tdata-frame_1=\"st:800;sp:1000;sR:800;\"\n\t\t\t\t\t\t\t\tdata-frame_999=\"o:0;st:w;sR:2700;\"\n\t\t\t\t\t\t\t\tstyle=\"z-index:6;font-family:'Spartan';\"\n\t\t\t\t\t\t\t>Navega por la orilla del lago y pule tus habilidades para encontrar aves y animales. \n\t\t\t\t\t\t\t<\/rs-layer><!--\n-->\t\t\t\t\t\t<\/rs-slide>\n\t\t\t\t\t\t<rs-slide style=\"position: absolute;\" data-key=\"rs-21\" data-title=\"Slide\" data-thumb=\"\/\/bluepasshub.com\/wp-content\/uploads\/2022\/08\/Penisnula2-50x100.jpg\" data-duration=\"4500ms\" data-in=\"o:0;\" data-out=\"a:false;\">\n\t\t\t\t\t\t\t<img loading=\"lazy\" decoding=\"async\" src=\"\/\/bluepasshub.com\/wp-content\/plugins\/revslider\/public\/assets\/assets\/dummy.png\" alt=\"Penisnula2\" title=\"Penisnula2\" width=\"1500\" height=\"999\" class=\"rev-slidebg tp-rs-img rs-lazyload\" data-lazyload=\"\/\/bluepasshub.com\/wp-content\/uploads\/2022\/08\/Penisnula2.jpg\" data-no-retina>\n<!--\n\t\t\t\t\t\t\t--><rs-layer\n\t\t\t\t\t\t\t\tid=\"slider-5-slide-21-layer-4\" \n\t\t\t\t\t\t\t\tdata-type=\"text\"\n\t\t\t\t\t\t\t\tdata-color=\"#ffffff\"\n\t\t\t\t\t\t\t\tdata-rsp_ch=\"on\"\n\t\t\t\t\t\t\t\tdata-xy=\"x:100px;y:629px;\"\n\t\t\t\t\t\t\t\tdata-text=\"w:normal;s:25;l:33;fw:500;\"\n\t\t\t\t\t\t\t\tdata-dim=\"w:382px;\"\n\t\t\t\t\t\t\t\tdata-frame_0=\"x:50;\"\n\t\t\t\t\t\t\t\tdata-frame_1=\"st:800;sp:1000;\"\n\t\t\t\t\t\t\t\tdata-frame_999=\"o:0;st:w;sR:3400;\"\n\t\t\t\t\t\t\t\tstyle=\"z-index:5;font-family:'Spartan';\"\n\t\t\t\t\t\t\t>Descubre m\u00e1s, caminando en el sendero Pen\u00ednsula de Parque Nacional Volc\u00e1n Arenal. \n\t\t\t\t\t\t\t<\/rs-layer><!--\n-->\t\t\t\t\t\t<\/rs-slide>\n\t\t\t\t\t<\/rs-slides>\n\t\t\t\t<\/rs-module>\n\t\t\t\t<script>\n\t\t\t\t\tsetREVStartSize({c: 'rev_slider_5_1',rl:[1240,1024,778,480],el:[900],gw:[1240],gh:[900],type:'standard',justify:'',layout:'fullwidth',mh:\"0\"});if (window.RS_MODULES!==undefined && window.RS_MODULES.modules!==undefined && window.RS_MODULES.modules[\"revslider51\"]!==undefined) {window.RS_MODULES.modules[\"revslider51\"].once = false;window.revapi5 = undefined;if (window.RS_MODULES.checkMinimal!==undefined) window.RS_MODULES.checkMinimal()}\n\t\t\t\t<\/script>\n\t\t\t<\/rs-module-wrap>\n\t\t\t<!-- END REVOLUTION SLIDER -->\n[vc_empty_space height=\u00bb80px\u00bb][\/vc_column][\/vc_row][vc_row full_width=\u00bbstretch_row_content\u00bb css=\u00bb.vc_custom_1661816189162{background-image: url(https:\/\/bluepasshub.com\/wp-content\/uploads\/2022\/07\/Texture-BG_1.png?id=583) !important;background-position: 0 0 !important;background-repeat: repeat !important;}\u00bb][vc_column width=\u00bb1\/4&#8243;][\/vc_column][vc_column width=\u00bb1\/2&#8243;][vc_cta h2=\u00bbBienvenido a la Gran Aventura Lago Arenal\u00bb h2_font_container=\u00bbtag:h1|font_size:25|text_align:center|color:%231e73be\u00bb h2_use_theme_fonts=\u00bbyes\u00bb h4=\u00bbSaca el m\u00e1ximo provecho a tu d\u00eda con un tour autoguiado con muchas actividades, donde podr\u00e1s disfrutar todos los atractivos del Lago Arenal.\u00bb h4_font_container=\u00bbtag:p|font_size:18|text_align:center\u00bb h4_use_theme_fonts=\u00bbyes\u00bb txt_align=\u00bbcenter\u00bb use_custom_fonts_h2=\u00bbtrue\u00bb use_custom_fonts_h4=\u00bbtrue\u00bb css=\u00bb.vc_custom_1661816677179{background-color: #ffffff !important;}\u00bb][\/vc_cta][\/vc_column][vc_column width=\u00bb1\/4&#8243;][\/vc_column][\/vc_row][vc_row full_width=\u00bbstretch_row\u00bb gap=\u00bb15&#8243; full_height=\u00bbyes\u00bb columns_placement=\u00bbbottom\u00bb content_placement=\u00bbtop\u00bb css=\u00bb.vc_custom_1661820458191{margin-top: -80px !important;background-image: url(https:\/\/bluepasshub.com\/wp-content\/uploads\/2022\/08\/Lake-Tour-MapArtboard-2.jpg?id=673) !important;background-position: center !important;background-repeat: no-repeat !important;background-size: contain !important;}\u00bb][vc_column width=\u00bb1\/3&#8243;][vc_cta h2=\u00bb1. Kayaking o Stand Up Paddling\u00bb h2_font_container=\u00bbtag:h2|text_align:left|color:%23eeee22&#8243; h2_use_theme_fonts=\u00bbyes\u00bb use_custom_fonts_h2=\u00bbtrue\u00bb css=\u00bb.vc_custom_1661816259231{background-color: #1e73be !important;}\u00bb]<span style=\"color: #ffffff;\">Explore el Bosque Lluvioso a la orilla del Lago Arenal para encontrar animales, mientras escucha los cantos de las aves y rema en la secci\u00f3n m\u00e1s calmada del Lago.<\/span>[\/vc_cta][\/vc_column][vc_column width=\u00bb1\/3&#8243;][vc_cta h2=\u00bb2. Caminata en el Parque Nacional Volc\u00e1n Arenal\u00bb h2_font_container=\u00bbtag:h2|text_align:left|color:%23ffffff\u00bb h2_use_theme_fonts=\u00bbyes\u00bb use_custom_fonts_h2=\u00bbtrue\u00bb css=\u00bb.vc_custom_1661454291139{background-color: #1e73be !important;}\u00bb]<span style=\"color: #ffffff;\">Visite el sendero Pen\u00ednsula y camine a trav\u00e9s de bosque lluvioso, suba a la torre de observaci\u00f3n y disfrute de vistas incre\u00edbles del Lago y la cordillera.<\/span>[\/vc_cta][\/vc_column][vc_column width=\u00bb1\/3&#8243;][vc_cta h2=\u00bb3. Paseo en Bote\u00bb h2_font_container=\u00bbtag:h2|text_align:left|color:%2310d1ef\u00bb h2_use_theme_fonts=\u00bbyes\u00bb use_custom_fonts_h2=\u00bbtrue\u00bb css=\u00bb.vc_custom_1661454658282{background-color: #1e73be !important;}\u00bb]<span style=\"color: #ffffff;\">Complete la experiencia con un paseo en bote para acercarse al volc\u00e1n y rel\u00e1jese al final del viaje mientras regresa al puerto.<\/span>[\/vc_cta][\/vc_column][\/vc_row][vc_row full_width=\u00bbstretch_row_content\u00bb css=\u00bb.vc_custom_1661819790218{background-image: url(https:\/\/bluepasshub.com\/wp-content\/uploads\/2022\/07\/Texture-BG_1.png?id=583) !important;background-position: 0 0 !important;background-repeat: repeat !important;}\u00bb][vc_column width=\u00bb1\/3&#8243;][\/vc_column][vc_column width=\u00bb1\/3&#8243;][vc_raw_html]PHNjcmlwdCB0eXBlPSJ0ZXh0L2phdmFzY3JpcHQiIHNyYz0iaHR0cHM6Ly93aWRnZXRzLmJva3VuLmlvL2Fzc2V0cy9qYXZhc2NyaXB0cy9hcHBzL2J1aWxkL0Jva3VuV2lkZ2V0c0xvYWRlci5qcz9ib29raW5nQ2hhbm5lbFVVSUQ9ODQwMGNiYzgtYmZkMi00ZjliLWEyOTMtNDBkODk2OGNkZTJjIiBhc3luYz0iIj48L3NjcmlwdD4KICAgICAKICAgIDxkaXYgY2xhc3M9ImJva3VuV2lkZ2V0IiBkYXRhLXNyYz0iaHR0cHM6Ly93aWRnZXRzLmJva3VuLmlvL29ubGluZS1zYWxlcy84NDAwY2JjOC1iZmQyLTRmOWItYTI5My00MGQ4OTY4Y2RlMmMvcHJvZHVjdC1saXN0LzU5MDQ0Ij48L2Rpdj4KICAgIDxub3NjcmlwdD5BY3RpdmUgSmF2YXNjcmlwdCBlbiBzdSBuYXZlZ2Fkb3IgcGFyYSByZXNlcnZhci48L25vc2NyaXB0Pg==[\/vc_raw_html][\/vc_column][vc_column width=\u00bb1\/3&#8243;][\/vc_column][\/vc_row][vc_row][vc_column][vc_column_text]<\/p>\n<p class=\"p1\"><a href=\"https:\/\/bluepasshub.com\/\">Costa Rica Tourismus Experten<\/a><span class=\"s1\">\u00a0\/\u00a0<a href=\"https:\/\/als.wikipedia.org\/wiki\/Costa_Rica\">\u00dcber Costa Rica<\/a><\/span><\/p>\n<p>[\/vc_column_text][\/vc_column][\/vc_row]<\/p>\n","protected":false},"excerpt":{"rendered":"<p>[vc_row][vc_column][vc_empty_space height=\u00bb80px\u00bb][\/vc_column][\/vc_row][vc_row full_width=\u00bbstretch_row_content\u00bb css=\u00bb.vc_custom_1661816189162{background-image: url(https:\/\/bluepasshub.com\/wp-content\/uploads\/2022\/07\/Texture-BG_1.png?id=583) !important;background-position: 0 0 !important;background-repeat: repeat !important;}\u00bb][vc_column width=\u00bb1\/4&#8243;][\/vc_column][vc_column width=\u00bb1\/2&#8243;][vc_cta h2=\u00bbBienvenido a la Gran Aventura Lago Arenal\u00bb h2_font_container=\u00bbtag:h1|font_size:25|text_align:center|color:%231e73be\u00bb h2_use_theme_fonts=\u00bbyes\u00bb h4=\u00bbSaca el m\u00e1ximo provecho a tu d\u00eda con un tour autoguiado con muchas actividades, donde podr\u00e1s disfrutar todos los atractivos del Lago Arenal.\u00bb h4_font_container=\u00bbtag:p|font_size:18|text_align:center\u00bb h4_use_theme_fonts=\u00bbyes\u00bb txt_align=\u00bbcenter\u00bb use_custom_fonts_h2=\u00bbtrue\u00bb use_custom_fonts_h4=\u00bbtrue\u00bb css=\u00bb.vc_custom_1661816677179{background-color: #ffffff !important;}\u00bb][\/vc_cta][\/vc_column][vc_column width=\u00bb1\/4&#8243;][\/vc_column][\/vc_row][vc_row full_width=\u00bbstretch_row\u00bb [&hellip;]<\/p>\n","protected":false},"author":2,"featured_media":0,"parent":0,"menu_order":0,"comment_status":"closed","ping_status":"closed","template":"page-blank.php","meta":{"footnotes":""},"class_list":["post-789","page","type-page","status-publish","hentry"],"aioseo_notices":[],"_links":{"self":[{"href":"https:\/\/bluepasshub.com\/es\/wp-json\/wp\/v2\/pages\/789","targetHints":{"allow":["GET"]}}],"collection":[{"href":"https:\/\/bluepasshub.com\/es\/wp-json\/wp\/v2\/pages"}],"about":[{"href":"https:\/\/bluepasshub.com\/es\/wp-json\/wp\/v2\/types\/page"}],"author":[{"embeddable":true,"href":"https:\/\/bluepasshub.com\/es\/wp-json\/wp\/v2\/users\/2"}],"replies":[{"embeddable":true,"href":"https:\/\/bluepasshub.com\/es\/wp-json\/wp\/v2\/comments?post=789"}],"version-history":[{"count":5,"href":"https:\/\/bluepasshub.com\/es\/wp-json\/wp\/v2\/pages\/789\/revisions"}],"predecessor-version":[{"id":1193,"href":"https:\/\/bluepasshub.com\/es\/wp-json\/wp\/v2\/pages\/789\/revisions\/1193"}],"wp:attachment":[{"href":"https:\/\/bluepasshub.com\/es\/wp-json\/wp\/v2\/media?parent=789"}],"curies":[{"name":"wp","href":"https:\/\/api.w.org\/{rel}","templated":true}]}}