{"id":867,"date":"2022-07-13T18:28:47","date_gmt":"2022-07-14T00:28:47","guid":{"rendered":"https:\/\/bluepasshub.com\/observacion-de-aves\/"},"modified":"2023-06-02T17:09:46","modified_gmt":"2023-06-02T23:09:46","slug":"observacion-de-aves","status":"publish","type":"page","link":"https:\/\/bluepasshub.com\/es\/observacion-de-aves\/","title":{"rendered":"Observaci\u00f3n de aves"},"content":{"rendered":"<p>[vc_row][vc_column width=\u00bb2\/3&#8243;][vc_row_inner][vc_column_inner width=\u00bb1\/3&#8243;][vc_column_text]Las pajareadas en Arenal son excepcionales ya que este es un punto medio donde puedes encontrar especies de la tierras bajas, c\u00e1lidas y h\u00famedas del Caribe Norte, as\u00ed como de las zonas m\u00e1s fr\u00edas de bosque nuboso de la cordillera.<\/p>\n<p>Diferentes puntos aqu\u00ed registran entre 350 y 505 avistamientos. Aqu\u00ed le sugerimos algunos de los m\u00e1s interesantes.[\/vc_column_text][\/vc_column_inner][vc_column_inner width=\u00bb2\/3&#8243;][vc_single_image image=\u00bb771&#8243; img_size=\u00bbfull\u00bb][\/vc_column_inner][\/vc_row_inner][vc_custom_heading text=\u00bbPajareada en los puentes Colgantes de Arenal\u00bb use_theme_fonts=\u00bbyes\u00bb][vc_row_inner][vc_column_inner width=\u00bb2\/3&#8243;][vc_single_image image=\u00bb778&#8243; img_size=\u00bbfull\u00bb][\/vc_column_inner][vc_column_inner width=\u00bb1\/3&#8243;][vc_cta h2=\u00bbLas aves del Bosque Lluvioso\u00bb]Con 447 especies observadas (a Julio 2022, eBird), los puentes colgantes del parque Mistico y sus senderos por el bosque lluvioso prueban ser un lugar estupendo para comenzar el d\u00eda.[\/vc_cta][\/vc_column_inner][\/vc_row_inner][vc_row_inner][vc_column_inner width=\u00bb1\/3&#8243;][vc_cta h2=\u00bbPuentes Colgantes; emoci\u00f3n segura\u00bb]Las aves son libres y evasivas, pero los 15 puentes colgantes de acero no van a ir a ning\u00fan lado. Disfrute en ellos de vistas asombrosas del bosque, algunos de hasta 55m de altura.[\/vc_cta][\/vc_column_inner][vc_column_inner width=\u00bb2\/3&#8243;][vc_single_image image=\u00bb779&#8243; img_size=\u00bbfull\u00bb][\/vc_column_inner][\/vc_row_inner][vc_custom_heading text=\u00bbPajareadas cerca del Lago\u00bb use_theme_fonts=\u00bbyes\u00bb css=\u00bb.vc_custom_1657655771348{margin-top: 30px !important;}\u00bb][vc_row_inner][vc_column_inner width=\u00bb2\/3&#8243;][vc_single_image image=\u00bb780&#8243; img_size=\u00bbfull\u00bb][\/vc_column_inner][vc_column_inner width=\u00bb1\/3&#8243;][vc_cta h2=\u00bbLas aves del Bosque Secundario\u00bb]Entre la represa del Lago Arenal y las oficinas del Parque Nacional Volc\u00e1n Arenal Between Arenal, las ramas de los \u00e1rboles se extienden sobre un camino muy poco transitado. Aqu\u00ed, la vegetaci\u00f3n baja que crece a la orilla del camino ofrece perchas y alimento para observar aves con facilidad. Con algo de suerte podr\u00e1 ver algunas de las 430 especies reportadas en eBird para esta ubicaci\u00f3n.[\/vc_cta][\/vc_column_inner][\/vc_row_inner][vc_row_inner][vc_column_inner width=\u00bb1\/3&#8243;][vc_cta h2=\u00bbLa v\u00eda de las Aves\u00bb]Caminar esta corta secci\u00f3n del camino es la forma m\u00e1s sencilla para observar aves. Las podr\u00e1 ver caminando en la v\u00eda, cazando insectos a la orilla del lago, buscando frutas entre las ramas de los \u00e1rboles y arbustos.[\/vc_cta][\/vc_column_inner][vc_column_inner width=\u00bb2\/3&#8243;][vc_single_image][\/vc_column_inner][\/vc_row_inner][vc_custom_heading text=\u00bbPajareadas desde el Lago\u00bb use_theme_fonts=\u00bbyes\u00bb css=\u00bb.vc_custom_1657736477080{margin-top: 30px !important;}\u00bb][vc_row_inner][vc_column_inner width=\u00bb2\/3&#8243;][vc_single_image image=\u00bb781&#8243; img_size=\u00bbfull\u00bb][\/vc_column_inner][vc_column_inner width=\u00bb1\/3&#8243;][vc_cta h2=\u00bbDonde dos ecosistemas se encuentran\u00bb]La represa del Arenal ha existido ya por m\u00e1s de 40 a\u00f1os y la fauna ha ido poco a poco reclamando su lugar en este nuevo ecosistema. Aqu\u00ed podr\u00e1 encontrar aves propias de los humedales y lagos, como jacanas, garzas, mart\u00edn pescadores, cormoranes y anhingas. Aves del bosque como tucanes, pavas y muchas otras de las 300 especies reportadas en eBird.[\/vc_cta][\/vc_column_inner][\/vc_row_inner][\/vc_column][vc_column width=\u00bb1\/3&#8243;][vc_custom_heading text=\u00bbPajareadas\u00bb font_container=\u00bbtag:h2|text_align:center\u00bb use_theme_fonts=\u00bbyes\u00bb][vc_raw_html]JTNDc2NyaXB0JTIwdHlwZSUzRCUyMnRleHQlMkZqYXZhc2NyaXB0JTIyJTIwc3JjJTNEJTIyaHR0cHMlM0ElMkYlMkZ3aWRnZXRzLmJva3VuLmlvJTJGYXNzZXRzJTJGamF2YXNjcmlwdHMlMkZhcHBzJTJGYnVpbGQlMkZCb2t1bldpZGdldHNMb2FkZXIuanMlM0Zib29raW5nQ2hhbm5lbFVVSUQlM0Q1ZjU4MGY5NS01YzllLTRmZjItODdmMS1jMWY5ZDUxMGFiNGElMjIlMjBhc3luYyUzRSUzQyUyRnNjcmlwdCUzRSUwQSUyMCUyMCUyMCUyMCUyMCUwQSUyMCUyMCUyMCUyMCUzQ2RpdiUyMGNsYXNzJTNEJTIyYm9rdW5XaWRnZXQlMjIlMjBkYXRhLXNyYyUzRCUyMmh0dHBzJTNBJTJGJTJGd2lkZ2V0cy5ib2t1bi5pbyUyRm9ubGluZS1zYWxlcyUyRjVmNTgwZjk1LTVjOWUtNGZmMi04N2YxLWMxZjlkNTEwYWI0YSUyRnByb2R1Y3QtbGlzdCUyRjU4MDczJTIyJTNFJTNDJTJGZGl2JTNFJTBBJTIwJTIwJTIwJTIwJTNDbm9zY3JpcHQlM0VQbGVhc2UlMjBlbmFibGUlMjBqYXZhc2NyaXB0JTIwaW4lMjB5b3VyJTIwYnJvd3NlciUyMHRvJTIwYm9vayUzQyUyRm5vc2NyaXB0JTNFJTBB[\/vc_raw_html][\/vc_column][\/vc_row][vc_row][vc_column][vc_column_text]<\/p>\n<p class=\"p1\"><a href=\"https:\/\/bluepasshub.com\/\">Costa Rica Tourismus Experten<\/a><span class=\"s1\">\u00a0\/\u00a0<a href=\"https:\/\/als.wikipedia.org\/wiki\/Costa_Rica\">\u00dcber Costa Rica<\/a><\/span><\/p>\n<p>[\/vc_column_text][\/vc_column][\/vc_row]<\/p>\n","protected":false},"excerpt":{"rendered":"<p>[vc_row][vc_column width=\u00bb2\/3&#8243;][vc_row_inner][vc_column_inner width=\u00bb1\/3&#8243;][vc_column_text]Las pajareadas en Arenal son excepcionales ya que este es un punto medio donde puedes encontrar especies de la tierras bajas, c\u00e1lidas y h\u00famedas del Caribe Norte, as\u00ed como de las zonas m\u00e1s fr\u00edas de bosque nuboso de la cordillera. Diferentes puntos aqu\u00ed registran entre 350 y 505 avistamientos. Aqu\u00ed le sugerimos algunos [&hellip;]<\/p>\n","protected":false},"author":2,"featured_media":0,"parent":0,"menu_order":0,"comment_status":"closed","ping_status":"closed","template":"","meta":{"footnotes":""},"class_list":["post-867","page","type-page","status-publish","hentry"],"aioseo_notices":[],"_links":{"self":[{"href":"https:\/\/bluepasshub.com\/es\/wp-json\/wp\/v2\/pages\/867","targetHints":{"allow":["GET"]}}],"collection":[{"href":"https:\/\/bluepasshub.com\/es\/wp-json\/wp\/v2\/pages"}],"about":[{"href":"https:\/\/bluepasshub.com\/es\/wp-json\/wp\/v2\/types\/page"}],"author":[{"embeddable":true,"href":"https:\/\/bluepasshub.com\/es\/wp-json\/wp\/v2\/users\/2"}],"replies":[{"embeddable":true,"href":"https:\/\/bluepasshub.com\/es\/wp-json\/wp\/v2\/comments?post=867"}],"version-history":[{"count":11,"href":"https:\/\/bluepasshub.com\/es\/wp-json\/wp\/v2\/pages\/867\/revisions"}],"predecessor-version":[{"id":1207,"href":"https:\/\/bluepasshub.com\/es\/wp-json\/wp\/v2\/pages\/867\/revisions\/1207"}],"wp:attachment":[{"href":"https:\/\/bluepasshub.com\/es\/wp-json\/wp\/v2\/media?parent=867"}],"curies":[{"name":"wp","href":"https:\/\/api.w.org\/{rel}","templated":true}]}}