{"id":909,"date":"2022-12-20T13:42:31","date_gmt":"2022-12-20T19:42:31","guid":{"rendered":"https:\/\/bluepasshub.com\/?page_id=909"},"modified":"2023-04-18T14:22:14","modified_gmt":"2023-04-18T20:22:14","slug":"trabajo","status":"publish","type":"page","link":"https:\/\/bluepasshub.com\/es\/trabajo\/","title":{"rendered":"Trabajo"},"content":{"rendered":"<p>[vc_row full_width=\u00bbstretch_row_content\u00bb full_height=\u00bbyes\u00bb css=\u00bb.vc_custom_1671559496819{background-image: url(https:\/\/bluepasshub.com\/wp-content\/uploads\/2022\/12\/Panorama-Oficina.png?id=910) !important;background-position: center !important;background-repeat: no-repeat !important;background-size: cover !important;}\u00bb][vc_column width=\u00bb1\/4&#8243;][\/vc_column][vc_column width=\u00bb1\/2&#8243;][\/vc_column][vc_column width=\u00bb1\/4&#8243;][\/vc_column][\/vc_row][vc_row][vc_column][vc_empty_space height=\u00bb32&#8243;][\/vc_column][\/vc_row][vc_row css=\u00bb.vc_custom_1671564738163{background-image: url(https:\/\/bluepasshub.com\/wp-content\/uploads\/2022\/07\/Texture-BG_1.png?id=777) !important;background-position: 0 0 !important;background-repeat: no-repeat !important;}\u00bb][vc_column width=\u00bb1\/6&#8243;][\/vc_column][vc_column width=\u00bb2\/3&#8243;][vc_custom_heading text=\u00bbTenemos puestos disponibles! Ven a trabajar con nosotros!\u00bb font_container=\u00bbtag:h2|font_size:200%25|text_align:center|color:%23007ec5&#8243; google_fonts=\u00bbfont_family:Quicksand%3A300%2Cregular%2C700|font_style:700%20bold%20regular%3A700%3Anormal\u00bb css=\u00bb.vc_custom_1671565071938{margin-top: 50px !important;margin-bottom: 50px !important;border-top-width: 0px !important;border-right-width: 0px !important;border-bottom-width: 0px !important;border-left-width: 0px !important;padding-top: 15px !important;padding-right: 15px !important;padding-bottom: 15px !important;padding-left: 15px !important;background-color: #ffffff !important;border-radius: 5px !important;}\u00bb][\/vc_column][vc_column width=\u00bb1\/6&#8243;][\/vc_column][\/vc_row][vc_row css=\u00bb.vc_custom_1671564954044{background-position: 0 0 !important;background-repeat: repeat !important;}\u00bb][vc_column width=\u00bb2\/3&#8243; css=\u00bb.vc_custom_1671564482296{background-position: center !important;background-repeat: no-repeat !important;background-size: cover !important;}\u00bb][vc_cta h2=\u00bbPuestos Disponibles\u00bb h2_font_container=\u00bbtag:h1|font_size:200%25|text_align:left|color:%23ffffff\u00bb h2_google_fonts=\u00bbfont_family:Quicksand%3A300%2Cregular%2C700|font_style:700%20bold%20regular%3A700%3Anormal\u00bb style=\u00bbcustom\u00bb use_custom_fonts_h2=\u00bbtrue\u00bb custom_background=\u00bb#37b256&#8243; custom_text=\u00bb#ffffff\u00bb css=\u00bb.vc_custom_1681848548932{margin-top: 15px !important;}\u00bb][\/vc_cta][vc_row_inner css=\u00bb.vc_custom_1681846005050{margin-top: 20px !important;}\u00bb][vc_column_inner][vc_cta h2=\u00bbAuxiliar Contable\u00bb h2_font_container=\u00bbtag:h2|font_size:200%25|text_align:left\u00bb h2_use_theme_fonts=\u00bbyes\u00bb style=\u00bbcustom\u00bb use_custom_fonts_h2=\u00bbtrue\u00bb custom_background=\u00bb#ffffff\u00bb]Encargado\/a de la secci\u00f3n de cuentas por pagar. Deber\u00e1 estar pendiente de los pagos a realizar de manera peri\u00f3dica, recepci\u00f3n y validaci\u00f3n de facturas, confecci\u00f3n de presupuestos, conciliaci\u00f3n de cuentas, aplicaci\u00f3n de pagos en el sistema contable, entre otras tareas afines.<\/p>\n<p>Requisitos:<\/p>\n<ul>\n<li>A partir de T\u00e9cnico medio en contabilidad<\/li>\n<li>Manejo de Excel intermedio<\/li>\n<li>Al menos 2 a\u00f1os de experiencia<\/li>\n<li>Persona ordenada y honesta<\/li>\n<\/ul>\n<p>[\/vc_cta][\/vc_column_inner][\/vc_row_inner][vc_cta h2=\u00bbPuestos No Disponibles\u00bb h2_font_container=\u00bbtag:h1|font_size:200%25|text_align:left|color:%23ffffff\u00bb h2_google_fonts=\u00bbfont_family:Quicksand%3A300%2Cregular%2C700|font_style:700%20bold%20regular%3A700%3Anormal\u00bb style=\u00bbcustom\u00bb use_custom_fonts_h2=\u00bbtrue\u00bb custom_background=\u00bb#afafaf\u00bb custom_text=\u00bb#ffffff\u00bb css=\u00bb.vc_custom_1681846129662{margin-top: 40px !important;}\u00bb][\/vc_cta][vc_row_inner css=\u00bb.vc_custom_1681846138199{margin-top: 50px !important;}\u00bb][vc_column_inner][vc_cta h2=\u00bbMiscel\u00e1neo\/a\u00bb h2_font_container=\u00bbtag:h2|font_size:200%25|text_align:left|color:%23c1c1c1&#8243; h2_use_theme_fonts=\u00bbyes\u00bb style=\u00bbcustom\u00bb use_custom_fonts_h2=\u00bbtrue\u00bb custom_background=\u00bb#ffffff\u00bb custom_text=\u00bb#cccccc\u00bb]<span style=\"color: #c1c1c1;\">Encargado\/a de la limpieza general y buen aspecto de las oficinas, as\u00ed como del equipo, que incluye chalecos salvavidas y hieleras. Tambi\u00e9n realizar\u00e1 labores de apoyo de proveedur\u00eda.<\/span><\/p>\n<p><span style=\"color: #c1c1c1;\">Requisitos:<\/span><\/p>\n<ul>\n<li><span style=\"color: #c1c1c1;\">Educaci\u00f3n media completa<\/span><\/li>\n<li><span style=\"color: #c1c1c1;\">Persona proactiva<\/span><\/li>\n<li><span style=\"color: #c1c1c1;\">Residente en La Fortuna<\/span><\/li>\n<\/ul>\n<p>[\/vc_cta][\/vc_column_inner][\/vc_row_inner][vc_row_inner][vc_column_inner][vc_cta h2=\u00bbOperador de actividades acu\u00e1ticas\u00bb h2_font_container=\u00bbtag:h2|font_size:200%25|text_align:left|color:%23c1c1c1&#8243; h2_use_theme_fonts=\u00bbyes\u00bb style=\u00bbcustom\u00bb use_custom_fonts_h2=\u00bbtrue\u00bb custom_background=\u00bb#ffffff\u00bb custom_text=\u00bb#c1c1c1&#8243;]<span style=\"color: #c1c1c1;\">Encargado\/a de la atenci\u00f3n al p\u00fablico en la plataforma de actividades acu\u00e1ticas de Blue Pass en el Lago Arenal (Sector del muelle de Lancheros, 3km despu\u00e9s de la represa). Le corresponde atender clientes interesados en realizar las actividades. Alistar y brindarles el equipo necesario para la actividad (Kayaking o Paddle Board), as\u00ed como darles indicaciones de c\u00f3mo realizarla. Le corresponde tambi\u00e9n velar por el buen estado y aseo del equipo. Tambi\u00e9n deber\u00e1 coordinar con los capitanes el embarque de pasajeros en paseos en lancha.<\/span><\/p>\n<p><span style=\"color: #c1c1c1;\"><strong>Requisitos:<\/strong><\/span><\/p>\n<ul>\n<li><span style=\"color: #c1c1c1;\">Educaci\u00f3n media completa<\/span><\/li>\n<li><span style=\"color: #c1c1c1;\">Ingl\u00e9s oral 50%<\/span><\/li>\n<li><span style=\"color: #c1c1c1;\">Persona simp\u00e1tica y amigable<\/span><\/li>\n<\/ul>\n<p><span style=\"color: #c1c1c1;\"><strong>Beneficios:<\/strong><\/span><\/p>\n<ul>\n<li><span style=\"color: #c1c1c1;\">Comisi\u00f3n por venta de tours<\/span><\/li>\n<li><span style=\"color: #c1c1c1;\">Comisi\u00f3n por venta de accesorios<\/span><\/li>\n<\/ul>\n<p>[\/vc_cta][\/vc_column_inner][\/vc_row_inner][\/vc_column][vc_column width=\u00bb1\/3&#8243;][vc_cta h2=\u00bbEnv\u00edanos tu curr\u00edculum a:\u00bb h2_font_container=\u00bbtag:h2|font_size:200%25|text_align:left|color:%23ffffff\u00bb h2_use_theme_fonts=\u00bbyes\u00bb style=\u00bbcustom\u00bb use_custom_fonts_h2=\u00bbtrue\u00bb custom_background=\u00bb#007ec5&#8243; css=\u00bb.vc_custom_1681849331252{margin-top: 15px !important;}\u00bb]<span style=\"color: #ffffff; font-size: 140%;\">rrhh@bluepasshub.com<\/span>[\/vc_cta][\/vc_column][\/vc_row][vc_row][vc_column][vc_column_text]<a title=\"Costa Rica Tourismus Experten\" href=\"https:\/\/bluepasshub.com\/\">Costa Rica Tourismus Experten<\/a>\u00a0\/\u00a0<a title=\"\u00dcber Costa Rica\" href=\"https:\/\/als.wikipedia.org\/wiki\/Costa_Rica\" target=\"_blank\" rel=\"noopener\">\u00dcber Costa Rica<\/a>[\/vc_column_text][\/vc_column][\/vc_row]<\/p>\n","protected":false},"excerpt":{"rendered":"<p>[vc_row full_width=\u00bbstretch_row_content\u00bb full_height=\u00bbyes\u00bb css=\u00bb.vc_custom_1671559496819{background-image: url(https:\/\/bluepasshub.com\/wp-content\/uploads\/2022\/12\/Panorama-Oficina.png?id=910) !important;background-position: center !important;background-repeat: no-repeat !important;background-size: cover !important;}\u00bb][vc_column width=\u00bb1\/4&#8243;][\/vc_column][vc_column width=\u00bb1\/2&#8243;][\/vc_column][vc_column width=\u00bb1\/4&#8243;][\/vc_column][\/vc_row][vc_row][vc_column][vc_empty_space height=\u00bb32&#8243;][\/vc_column][\/vc_row][vc_row css=\u00bb.vc_custom_1671564738163{background-image: url(https:\/\/bluepasshub.com\/wp-content\/uploads\/2022\/07\/Texture-BG_1.png?id=777) !important;background-position: 0 0 !important;background-repeat: no-repeat !important;}\u00bb][vc_column width=\u00bb1\/6&#8243;][\/vc_column][vc_column width=\u00bb2\/3&#8243;][vc_custom_heading text=\u00bbTenemos puestos disponibles! Ven a trabajar con nosotros!\u00bb font_container=\u00bbtag:h2|font_size:200%25|text_align:center|color:%23007ec5&#8243; google_fonts=\u00bbfont_family:Quicksand%3A300%2Cregular%2C700|font_style:700%20bold%20regular%3A700%3Anormal\u00bb css=\u00bb.vc_custom_1671565071938{margin-top: 50px !important;margin-bottom: 50px !important;border-top-width: 0px !important;border-right-width: 0px !important;border-bottom-width: 0px !important;border-left-width: 0px !important;padding-top: 15px !important;padding-right: 15px !important;padding-bottom: 15px !important;padding-left: [&hellip;]<\/p>\n","protected":false},"author":2,"featured_media":0,"parent":0,"menu_order":0,"comment_status":"closed","ping_status":"closed","template":"page-blank.php","meta":{"footnotes":""},"class_list":["post-909","page","type-page","status-publish","hentry"],"aioseo_notices":[],"_links":{"self":[{"href":"https:\/\/bluepasshub.com\/es\/wp-json\/wp\/v2\/pages\/909","targetHints":{"allow":["GET"]}}],"collection":[{"href":"https:\/\/bluepasshub.com\/es\/wp-json\/wp\/v2\/pages"}],"about":[{"href":"https:\/\/bluepasshub.com\/es\/wp-json\/wp\/v2\/types\/page"}],"author":[{"embeddable":true,"href":"https:\/\/bluepasshub.com\/es\/wp-json\/wp\/v2\/users\/2"}],"replies":[{"embeddable":true,"href":"https:\/\/bluepasshub.com\/es\/wp-json\/wp\/v2\/comments?post=909"}],"version-history":[{"count":44,"href":"https:\/\/bluepasshub.com\/es\/wp-json\/wp\/v2\/pages\/909\/revisions"}],"predecessor-version":[{"id":1249,"href":"https:\/\/bluepasshub.com\/es\/wp-json\/wp\/v2\/pages\/909\/revisions\/1249"}],"wp:attachment":[{"href":"https:\/\/bluepasshub.com\/es\/wp-json\/wp\/v2\/media?parent=909"}],"curies":[{"name":"wp","href":"https:\/\/api.w.org\/{rel}","templated":true}]}}